{"id":9,"date":"2013-11-29T10:14:45","date_gmt":"2013-11-29T08:14:45","guid":{"rendered":"https:\/\/www.fewo-mangold.de\/?page_id=9"},"modified":"2015-11-17T13:50:14","modified_gmt":"2015-11-17T11:50:14","slug":"ferienwohnungen","status":"publish","type":"page","link":"https:\/\/www.fewo-mangold.de\/?page_id=9","title":{"rendered":"Bergsonne"},"content":{"rendered":"<h3><strong><span style=\"color: #2cb200;\">Ferienwohnung BERGSONNE &#8211; geeignet f\u00fcr 2 &#8211; 3 Personen &#8211; Gr\u00f6sse 60 qm<\/span><\/strong><\/h3>\n<p><div class=\"soliloquy-outer-container\" data-soliloquy-loaded=\"0\"><div aria-live=\"polite\" id=\"soliloquy-container-51\" class=\"soliloquy-container soliloquy-transition-fade soliloquy-fade  soliloquy-theme-classic\" style=\"max-width:825px;max-height:400px;margin:0 auto 20px;\"><ul id=\"soliloquy-51\" class=\"soliloquy-slider soliloquy-slides soliloquy-wrap soliloquy-clear\"><li aria-hidden=\"true\" class=\"soliloquy-item soliloquy-item-1 soliloquy-id-805 soliloquy-image-slide\" draggable=\"false\" style=\"list-style:none;\"><img decoding=\"async\" id=\"soliloquy-image-805\" class=\"soliloquy-image soliloquy-image-1\" src=\"https:\/\/www.fewo-mangold.de\/wp-content\/uploads\/2013\/11\/wohnzimmer-bergsonne.jpg\" alt=\"wohnzimmer bergsonne\" \/><\/li><li aria-hidden=\"true\" class=\"soliloquy-item soliloquy-item-2 soliloquy-id-354 soliloquy-image-slide\" draggable=\"false\" style=\"list-style:none;\"><img decoding=\"async\" id=\"soliloquy-image-354\" class=\"soliloquy-image soliloquy-image-2 soliloquy-preload\" src=\"https:\/\/www.fewo-mangold.de\/wp-content\/plugins\/soliloquy\/assets\/css\/images\/holder.gif\" data-soliloquy-src=\"https:\/\/www.fewo-mangold.de\/wp-content\/uploads\/2013\/11\/schlafzimmer.jpg\" alt=\"schlafzimmer\" \/><\/li><li aria-hidden=\"true\" class=\"soliloquy-item soliloquy-item-3 soliloquy-id-353 soliloquy-image-slide\" draggable=\"false\" style=\"list-style:none;\"><img decoding=\"async\" id=\"soliloquy-image-353\" class=\"soliloquy-image soliloquy-image-3 soliloquy-preload\" src=\"https:\/\/www.fewo-mangold.de\/wp-content\/plugins\/soliloquy\/assets\/css\/images\/holder.gif\" data-soliloquy-src=\"https:\/\/www.fewo-mangold.de\/wp-content\/uploads\/2013\/12\/k\u00fcche.jpg\" alt=\"k\u00fcche\" \/><\/li><li aria-hidden=\"true\" class=\"soliloquy-item soliloquy-item-4 soliloquy-id-806 soliloquy-image-slide\" draggable=\"false\" style=\"list-style:none;\"><img decoding=\"async\" id=\"soliloquy-image-806\" class=\"soliloquy-image soliloquy-image-4 soliloquy-preload\" src=\"https:\/\/www.fewo-mangold.de\/wp-content\/plugins\/soliloquy\/assets\/css\/images\/holder.gif\" data-soliloquy-src=\"https:\/\/www.fewo-mangold.de\/wp-content\/uploads\/2013\/11\/wohnzimmer-2-bergsonne.jpg\" alt=\"wohnzimmer 2 bergsonne\" \/><\/li><li aria-hidden=\"true\" class=\"soliloquy-item soliloquy-item-5 soliloquy-id-127 soliloquy-image-slide\" draggable=\"false\" style=\"list-style:none;\"><img decoding=\"async\" id=\"soliloquy-image-127\" class=\"soliloquy-image soliloquy-image-5 soliloquy-preload\" src=\"https:\/\/www.fewo-mangold.de\/wp-content\/plugins\/soliloquy\/assets\/css\/images\/holder.gif\" data-soliloquy-src=\"https:\/\/www.fewo-mangold.de\/wp-content\/uploads\/2013\/11\/sitzecke.jpg\" alt=\"sitzecke\" \/><\/li><li aria-hidden=\"true\" class=\"soliloquy-item soliloquy-item-6 soliloquy-id-122 soliloquy-image-slide\" draggable=\"false\" style=\"list-style:none;\"><img decoding=\"async\" id=\"soliloquy-image-122\" class=\"soliloquy-image soliloquy-image-6 soliloquy-preload\" src=\"https:\/\/www.fewo-mangold.de\/wp-content\/plugins\/soliloquy\/assets\/css\/images\/holder.gif\" data-soliloquy-src=\"https:\/\/www.fewo-mangold.de\/wp-content\/uploads\/2013\/11\/bad.jpg\" alt=\"bad\" \/><\/li><li aria-hidden=\"true\" class=\"soliloquy-item soliloquy-item-7 soliloquy-id-124 soliloquy-image-slide\" draggable=\"false\" style=\"list-style:none;\"><img decoding=\"async\" id=\"soliloquy-image-124\" class=\"soliloquy-image soliloquy-image-7 soliloquy-preload\" src=\"https:\/\/www.fewo-mangold.de\/wp-content\/plugins\/soliloquy\/assets\/css\/images\/holder.gif\" data-soliloquy-src=\"https:\/\/www.fewo-mangold.de\/wp-content\/uploads\/2013\/11\/fr\u00fchst\u00fcck-balkon.jpg\" alt=\"fr\u00fchst\u00fcck balkon\" \/><\/li><li aria-hidden=\"true\" class=\"soliloquy-item soliloquy-item-8 soliloquy-id-564 soliloquy-image-slide\" draggable=\"false\" style=\"list-style:none;\"><img decoding=\"async\" id=\"soliloquy-image-564\" class=\"soliloquy-image soliloquy-image-8 soliloquy-preload\" src=\"https:\/\/www.fewo-mangold.de\/wp-content\/plugins\/soliloquy\/assets\/css\/images\/holder.gif\" data-soliloquy-src=\"https:\/\/www.fewo-mangold.de\/wp-content\/uploads\/2013\/11\/gaestehuetterlhome1.jpg\" alt=\"gaestehuetterlhome\" \/><\/li><li aria-hidden=\"true\" class=\"soliloquy-item soliloquy-item-9 soliloquy-id-453 soliloquy-image-slide\" draggable=\"false\" style=\"list-style:none;\"><img decoding=\"async\" id=\"soliloquy-image-453\" class=\"soliloquy-image soliloquy-image-9 soliloquy-preload\" src=\"https:\/\/www.fewo-mangold.de\/wp-content\/plugins\/soliloquy\/assets\/css\/images\/holder.gif\" data-soliloquy-src=\"https:\/\/www.fewo-mangold.de\/wp-content\/uploads\/2013\/11\/aussicht-saulgrub.jpg\" alt=\"blick vom s\u00fcdbalkon\" \/><\/li><\/ul><\/div><noscript><style type=\"text\/css\">#soliloquy-container-51{opacity:1}#soliloquy-container-51 li > .soliloquy-caption{display:none}#soliloquy-container-51 li:first-child > .soliloquy-caption{display:block}<\/style><div class=\"soliloquy-no-js\" style=\"display:none;visibility:hidden;height:0;line-height:0;opacity:0;\"><img decoding=\"async\" class=\"soliloquy-image soliloquy-no-js-image skip-lazy\" src=\"https:\/\/www.fewo-mangold.de\/wp-content\/uploads\/2013\/11\/wohnzimmer-bergsonne.jpg\" alt=\"wohnzimmer bergsonne\" \/><img decoding=\"async\" class=\"soliloquy-image soliloquy-no-js-image skip-lazy\" src=\"https:\/\/www.fewo-mangold.de\/wp-content\/uploads\/2013\/11\/schlafzimmer.jpg\" alt=\"schlafzimmer\" \/><img decoding=\"async\" class=\"soliloquy-image soliloquy-no-js-image skip-lazy\" src=\"https:\/\/www.fewo-mangold.de\/wp-content\/uploads\/2013\/12\/k\u00fcche.jpg\" alt=\"k\u00fcche\" \/><img decoding=\"async\" class=\"soliloquy-image soliloquy-no-js-image skip-lazy\" src=\"https:\/\/www.fewo-mangold.de\/wp-content\/uploads\/2013\/11\/wohnzimmer-2-bergsonne.jpg\" alt=\"wohnzimmer 2 bergsonne\" \/><img decoding=\"async\" class=\"soliloquy-image soliloquy-no-js-image skip-lazy\" src=\"https:\/\/www.fewo-mangold.de\/wp-content\/uploads\/2013\/11\/sitzecke.jpg\" alt=\"sitzecke\" \/><img decoding=\"async\" class=\"soliloquy-image soliloquy-no-js-image skip-lazy\" src=\"https:\/\/www.fewo-mangold.de\/wp-content\/uploads\/2013\/11\/bad.jpg\" alt=\"bad\" \/><img decoding=\"async\" class=\"soliloquy-image soliloquy-no-js-image skip-lazy\" src=\"https:\/\/www.fewo-mangold.de\/wp-content\/uploads\/2013\/11\/fr\u00fchst\u00fcck-balkon.jpg\" alt=\"fr\u00fchst\u00fcck balkon\" \/><img decoding=\"async\" class=\"soliloquy-image soliloquy-no-js-image skip-lazy\" src=\"https:\/\/www.fewo-mangold.de\/wp-content\/uploads\/2013\/11\/gaestehuetterlhome1.jpg\" alt=\"gaestehuetterlhome\" \/><img decoding=\"async\" class=\"soliloquy-image soliloquy-no-js-image skip-lazy\" src=\"https:\/\/www.fewo-mangold.de\/wp-content\/uploads\/2013\/11\/aussicht-saulgrub.jpg\" alt=\"blick vom s\u00fcdbalkon\" \/><\/div><\/noscript><\/div><br \/>\nDie Ferienwohnung ist im Landhausstil hell und freundlich eingerichtet. Die Wohnung verf\u00fcgt \u00fcber ein Wohnzimmer, Schlafzimmer, einen sch\u00f6nen S\u00fcdbalkon und eine K\u00fcche mit gem\u00fctlicher Sitzecke. Genie\u00dfen Sie herrliche Stunden in Ihrem komfortablen Urlaubsdomizil.<\/p>\n<p><strong><span style=\"color: #2cb200;\">Ausstattung der Ferienwohnung<\/span><\/strong><br \/>\nbestens ausgestattete K\u00fcche<br \/>\nMikrowelle<br \/>\nSAT TV Radio<br \/>\nBabybett und Hochstuhl auf Anfrage<br \/>\nBettw\u00e4sche, Hand- und Badet\u00fccher inklusive Handt\u00fccher w\u00f6chentlicher Wechsel<br \/>\nDuschbad mit F\u00f6n<br \/>\nWanderst\u00f6cke, Rucksack und Schlitten im Verleih incl.<\/p>\n","protected":false},"excerpt":{"rendered":"<p>Ferienwohnung BERGSONNE &#8211; geeignet f\u00fcr 2 &#8211; 3 Personen &#8211; Gr\u00f6sse 60 qm Die Ferienwohnung ist im Landhausstil hell und freundlich eingerichtet. Die Wohnung verf\u00fcgt \u00fcber ein Wohnzimmer, Schlafzimmer, einen sch\u00f6nen S\u00fcdbalkon und eine K\u00fcche mit gem\u00fctlicher Sitzecke. Genie\u00dfen Sie &hellip; <a href=\"https:\/\/www.fewo-mangold.de\/?page_id=9\">Weiterlesen <span class=\"meta-nav\">&rarr;<\/span><\/a><\/p>\n","protected":false},"author":1,"featured_media":0,"parent":0,"menu_order":0,"comment_status":"closed","ping_status":"closed","template":"","meta":{"footnotes":""},"class_list":["post-9","page","type-page","status-publish","hentry"],"_links":{"self":[{"href":"https:\/\/www.fewo-mangold.de\/index.php?rest_route=\/wp\/v2\/pages\/9"}],"collection":[{"href":"https:\/\/www.fewo-mangold.de\/index.php?rest_route=\/wp\/v2\/pages"}],"about":[{"href":"https:\/\/www.fewo-mangold.de\/index.php?rest_route=\/wp\/v2\/types\/page"}],"author":[{"embeddable":true,"href":"https:\/\/www.fewo-mangold.de\/index.php?rest_route=\/wp\/v2\/users\/1"}],"replies":[{"embeddable":true,"href":"https:\/\/www.fewo-mangold.de\/index.php?rest_route=%2Fwp%2Fv2%2Fcomments&post=9"}],"version-history":[{"count":29,"href":"https:\/\/www.fewo-mangold.de\/index.php?rest_route=\/wp\/v2\/pages\/9\/revisions"}],"predecessor-version":[{"id":602,"href":"https:\/\/www.fewo-mangold.de\/index.php?rest_route=\/wp\/v2\/pages\/9\/revisions\/602"}],"wp:attachment":[{"href":"https:\/\/www.fewo-mangold.de\/index.php?rest_route=%2Fwp%2Fv2%2Fmedia&parent=9"}],"curies":[{"name":"wp","href":"https:\/\/api.w.org\/{rel}","templated":true}]}}