{"id":73,"date":"2013-11-29T12:59:11","date_gmt":"2013-11-29T10:59:11","guid":{"rendered":"https:\/\/www.fewo-mangold.de\/?page_id=73"},"modified":"2023-06-23T09:15:50","modified_gmt":"2023-06-23T07:15:50","slug":"impressum","status":"publish","type":"page","link":"https:\/\/www.fewo-mangold.de\/?page_id=73","title":{"rendered":"Impressum"},"content":{"rendered":"<h4><strong><span style=\"color: #2cb200;\">Impressum:<\/span><\/strong><\/h4>\n<p>Ferienwohnungen Andreas Mangold<br \/>\nKienzerleweg 7<br \/>\n82442 Saulgrub<br \/>\nTelefon 08845 &#8211; 1712<br \/>\ninfo@fewo-mangold.de<\/p>\n<h4><span style=\"color: #2cb200;\">Realisierung &amp; webdesign:<\/span><\/h4>\n<p><a href=\"https:\/\/www.fewo-mangold.de\/wp-content\/uploads\/2023\/06\/logo-hkm.png\"><img loading=\"lazy\" decoding=\"async\" class=\"alignnone  wp-image-971\" src=\"https:\/\/www.fewo-mangold.de\/wp-content\/uploads\/2023\/06\/logo-hkm-300x184.png\" alt=\"\" width=\"188\" height=\"115\" srcset=\"https:\/\/www.fewo-mangold.de\/wp-content\/uploads\/2023\/06\/logo-hkm-300x184.png 300w, https:\/\/www.fewo-mangold.de\/wp-content\/uploads\/2023\/06\/logo-hkm.png 400w\" sizes=\"(max-width: 188px) 100vw, 188px\" \/><\/a><\/p>\n<p><span style=\"color: #000000;\"><span style=\"font-family: Trebuchet MS, sans-serif;\">Thomas Becker<\/span><\/span><span style=\"font-family: Trebuchet MS, sans-serif;\"><br \/>\n<\/span><span style=\"color: #000000;\"><span style=\"font-family: Trebuchet MS, sans-serif;\">Strinne 504<\/span><\/span><span style=\"font-family: Trebuchet MS, sans-serif;\"><br \/>\n<\/span><span style=\"color: #000000;\"><span style=\"font-family: Trebuchet MS, sans-serif;\">87296 Bj\u00e4rtr\u00e5<\/span><\/span><span style=\"font-family: Trebuchet MS, sans-serif;\"><br \/>\n<\/span><span style=\"color: #000000;\"><span style=\"font-family: Trebuchet MS, sans-serif;\">Telefon: +46 72 150 6117<\/span><\/span><span style=\"font-family: Trebuchet MS, sans-serif;\"><br \/>\n<\/span><span style=\"color: #000000;\"><span style=\"font-family: Trebuchet MS, sans-serif;\">Telefon +49 172\u20139585670<\/span><\/span><span style=\"font-family: Trebuchet MS, sans-serif;\"><br \/>\n<\/span><a href=\"https:\/\/hoegakusten-mediendesign.se\/\" target=\"_blank\" rel=\"noopener\"><span style=\"color: #000000;\"><span style=\"font-family: Trebuchet MS, sans-serif;\">www.hoegakusten-mediendesign.se<\/span><\/span><\/a><span style=\"font-family: Trebuchet MS, sans-serif;\"><br \/>\n<\/span><a href=\"mailto:thomas@hoegakusten-mediendesign.se\" target=\"_blank\" rel=\"noopener\" data-wplink-edit=\"true\"><span style=\"color: #000000;\"><span style=\"font-family: Trebuchet MS, sans-serif;\">hoegakusten-mediendesign.se<\/span><\/span><\/a><\/p>\n<p>Bilder:<br \/>\nThomas Becker<br \/>\nFotalia<\/p>\n<p>Haftungsausschluss<\/p>\n<p>Haftung f\u00fcr Inhalte<\/p>\n<p>Die Inhalte unserer Seiten wurden mit gr\u00f6\u00dftm\u00f6glicher Sorgfalt erstellt. F\u00fcr die Richtigkeit, Vollst\u00e4ndigkeit und Aktualit\u00e4t der Inhalte k\u00f6nnen wir jedoch keine Gew\u00e4hr \u00fcbernehmen. Als Diensteanbieter sind wir gem\u00e4\u00df \u00a7 7 Abs.1 TMG f\u00fcr eigene Inhalte auf diesen Seiten nach den allgemeinen Gesetzen verantwortlich. Nach \u00a7\u00a7 8 bis 10 TMG sind wir als Diensteanbieter jedoch nicht verpflichtet, \u00fcbermittelte oder gespeicherte fremde Informationen zu \u00fcberwachen oder nach Umst\u00e4nden zu forschen, die auf eine rechtswidrige<br \/>\nT\u00e4tigkeit hinweisen. Verpflichtungen zur Entfernung oder Sperrung der Nutzung von Informationen nach den allgemeinen Gesetzen bleiben hiervon unber\u00fchrt. Eine diesbez\u00fcgliche Haftung ist jedoch erst ab dem Zeitpunkt der Kenntnis einer konkreten Rechtsverletzung m\u00f6glich. Bei Bekanntwerden von entsprechenden Rechtsverletzungen werden wir diese Inhalte umgehend entfernen.<\/p>\n<p>Haftung f\u00fcr Links<\/p>\n<p>Unser Angebot enth\u00e4lt Links zu externen Webseiten Dritter, auf deren Inhalte wir keinen Einfluss haben. Deshalb k\u00f6nnen wir f\u00fcr diese fremden Inhalte auch keine Gew\u00e4hr \u00fcbernehmen. F\u00fcr die Inhalte der verlinkten Seiten ist stets der jeweilige Anbieter oder Betreiber der Seiten verantwortlich. Die verlinkten Seiten wurden zum Zeitpunkt der Verlinkung auf m\u00f6gliche Rechtsverst\u00f6\u00dfe \u00fcberpr\u00fcft. Rechtswidrige Inhalte waren zum Zeitpunkt der Verlinkung nicht erkennbar. Eine permanente inhaltliche Kontrolle der verlinkten Seiten ist jedoch ohne konkrete Anhaltspunkte einer Rechtsverletzung nicht zumutbar. Bei Bekanntwerden von Rechtsverletzungen werden wir derartige Links umgehend entfernen.<\/p>\n<p>Urheberrecht<\/p>\n<p>Die durch die Seitenbetreiber erstellten Inhalte und Werke auf diesen Seiten unterliegen dem deutschen Urheberrecht. Die Vervielf\u00e4ltigung, Bearbeitung, Verbreitung und jede Art der Verwertung au\u00dferhalb der Grenzen des Urheberrechtes bed\u00fcrfen der schriftlichen Zustimmung des jeweiligen Autors bzw. Erstellers. Downloads und Kopien dieser Seite sind nur f\u00fcr den privaten, nicht kommerziellen Gebrauch gestattet. Soweit die Inhalte auf dieser Seite nicht vom Betreiber erstellt wurden, werden die Urheberrechte Dritter beachtet. Insbesondere werden Inhalte Dritter als solche gekennzeichnet. Sollten Sie trotzdem auf eine Urheberrechtsverletzung aufmerksam werden, bitten wir um einen entsprechenden Hinweis. Bei Bekanntwerden von Rechtsverletzungen werden wir derartige Inhalte umgehend entfernen.<\/p>\n","protected":false},"excerpt":{"rendered":"<p>Impressum: Ferienwohnungen Andreas Mangold Kienzerleweg 7 82442 Saulgrub Telefon 08845 &#8211; 1712 info@fewo-mangold.de Realisierung &amp; webdesign: Thomas Becker Strinne 504 87296 Bj\u00e4rtr\u00e5 Telefon: +46 72 150 6117 Telefon +49 172\u20139585670 www.hoegakusten-mediendesign.se hoegakusten-mediendesign.se Bilder: Thomas Becker Fotalia Haftungsausschluss Haftung f\u00fcr Inhalte &hellip; <a href=\"https:\/\/www.fewo-mangold.de\/?page_id=73\">Weiterlesen <span class=\"meta-nav\">&rarr;<\/span><\/a><\/p>\n","protected":false},"author":1,"featured_media":0,"parent":0,"menu_order":0,"comment_status":"closed","ping_status":"closed","template":"","meta":{"footnotes":""},"class_list":["post-73","page","type-page","status-publish","hentry"],"_links":{"self":[{"href":"https:\/\/www.fewo-mangold.de\/index.php?rest_route=\/wp\/v2\/pages\/73"}],"collection":[{"href":"https:\/\/www.fewo-mangold.de\/index.php?rest_route=\/wp\/v2\/pages"}],"about":[{"href":"https:\/\/www.fewo-mangold.de\/index.php?rest_route=\/wp\/v2\/types\/page"}],"author":[{"embeddable":true,"href":"https:\/\/www.fewo-mangold.de\/index.php?rest_route=\/wp\/v2\/users\/1"}],"replies":[{"embeddable":true,"href":"https:\/\/www.fewo-mangold.de\/index.php?rest_route=%2Fwp%2Fv2%2Fcomments&post=73"}],"version-history":[{"count":22,"href":"https:\/\/www.fewo-mangold.de\/index.php?rest_route=\/wp\/v2\/pages\/73\/revisions"}],"predecessor-version":[{"id":974,"href":"https:\/\/www.fewo-mangold.de\/index.php?rest_route=\/wp\/v2\/pages\/73\/revisions\/974"}],"wp:attachment":[{"href":"https:\/\/www.fewo-mangold.de\/index.php?rest_route=%2Fwp%2Fv2%2Fmedia&parent=73"}],"curies":[{"name":"wp","href":"https:\/\/api.w.org\/{rel}","templated":true}]}}