{"id":542,"date":"2015-07-06T15:08:11","date_gmt":"2015-07-06T13:08:11","guid":{"rendered":"https:\/\/www.fewo-mangold.de\/?page_id=542"},"modified":"2016-01-25T14:42:05","modified_gmt":"2016-01-25T12:42:05","slug":"ferienwohnung-3","status":"publish","type":"page","link":"https:\/\/www.fewo-mangold.de\/?page_id=542","title":{"rendered":"LIchtblick"},"content":{"rendered":"<h3><span style=\"color: #2cb200;\"><strong>Ferienwohnung LICHTBLICK &#8211; geeignet f\u00fcr 2 Personen &#8211; Gr\u00f6sse 50 qm<\/strong><\/span><\/h3>\n<p><div class=\"soliloquy-outer-container\" data-soliloquy-loaded=\"0\"><div aria-live=\"polite\" id=\"soliloquy-container-566\" class=\"soliloquy-container soliloquy-transition-fade soliloquy-fade  soliloquy-theme-classic\" style=\"max-width:825px;max-height:400px;margin:0 auto 20px;\"><ul id=\"soliloquy-566\" class=\"soliloquy-slider soliloquy-slides soliloquy-wrap soliloquy-clear\"><li aria-hidden=\"true\" class=\"soliloquy-item soliloquy-item-1 soliloquy-id-651 soliloquy-image-slide\" draggable=\"false\" style=\"list-style:none;\"><img decoding=\"async\" id=\"soliloquy-image-651\" class=\"soliloquy-image soliloquy-image-1\" src=\"https:\/\/www.fewo-mangold.de\/wp-content\/uploads\/2015\/07\/wohnung-lichtblick-terrasse-1.jpg\" alt=\"wohnung-lichtblick-terrasse\" \/><\/li><li aria-hidden=\"true\" class=\"soliloquy-item soliloquy-item-2 soliloquy-id-809 soliloquy-image-slide\" draggable=\"false\" style=\"list-style:none;\"><img decoding=\"async\" id=\"soliloquy-image-809\" class=\"soliloquy-image soliloquy-image-2 soliloquy-preload\" src=\"https:\/\/www.fewo-mangold.de\/wp-content\/plugins\/soliloquy\/assets\/css\/images\/holder.gif\" data-soliloquy-src=\"https:\/\/www.fewo-mangold.de\/wp-content\/uploads\/2015\/07\/willkommen-im-lichtblick.jpg\" alt=\"willkommen im lichtblick\" \/><\/li><li aria-hidden=\"true\" class=\"soliloquy-item soliloquy-item-3 soliloquy-id-807 soliloquy-image-slide\" draggable=\"false\" style=\"list-style:none;\"><img decoding=\"async\" id=\"soliloquy-image-807\" class=\"soliloquy-image soliloquy-image-3 soliloquy-preload\" src=\"https:\/\/www.fewo-mangold.de\/wp-content\/plugins\/soliloquy\/assets\/css\/images\/holder.gif\" data-soliloquy-src=\"https:\/\/www.fewo-mangold.de\/wp-content\/uploads\/2015\/07\/wohnung-lichtblick-k\u00fcche-2.jpg\" alt=\"wohnung lichtblick k\u00fcche 2\" \/><\/li><li aria-hidden=\"true\" class=\"soliloquy-item soliloquy-item-4 soliloquy-id-808 soliloquy-image-slide\" draggable=\"false\" style=\"list-style:none;\"><img decoding=\"async\" id=\"soliloquy-image-808\" class=\"soliloquy-image soliloquy-image-4 soliloquy-preload\" src=\"https:\/\/www.fewo-mangold.de\/wp-content\/plugins\/soliloquy\/assets\/css\/images\/holder.gif\" data-soliloquy-src=\"https:\/\/www.fewo-mangold.de\/wp-content\/uploads\/2015\/07\/lichtblick-kissenecke.jpg\" alt=\"lichtblick kissenecke\" \/><\/li><li aria-hidden=\"true\" class=\"soliloquy-item soliloquy-item-5 soliloquy-id-810 soliloquy-image-slide\" draggable=\"false\" style=\"list-style:none;\"><img decoding=\"async\" id=\"soliloquy-image-810\" class=\"soliloquy-image soliloquy-image-5 soliloquy-preload\" src=\"https:\/\/www.fewo-mangold.de\/wp-content\/plugins\/soliloquy\/assets\/css\/images\/holder.gif\" data-soliloquy-src=\"https:\/\/www.fewo-mangold.de\/wp-content\/uploads\/2015\/07\/kaffeestunde-im-lichtblick.jpg\" alt=\"kaffeestunde im lichtblick\" \/><\/li><li aria-hidden=\"true\" class=\"soliloquy-item soliloquy-item-6 soliloquy-id-650 soliloquy-image-slide\" draggable=\"false\" style=\"list-style:none;\"><img decoding=\"async\" id=\"soliloquy-image-650\" class=\"soliloquy-image soliloquy-image-6 soliloquy-preload\" src=\"https:\/\/www.fewo-mangold.de\/wp-content\/plugins\/soliloquy\/assets\/css\/images\/holder.gif\" data-soliloquy-src=\"https:\/\/www.fewo-mangold.de\/wp-content\/uploads\/2015\/07\/wohnung-lichtblick-schlafzimmer-1.jpg\" alt=\"wohnung-lichtblick-schlafzimmer\" \/><\/li><li aria-hidden=\"true\" class=\"soliloquy-item soliloquy-item-7 soliloquy-id-664 soliloquy-image-slide\" draggable=\"false\" style=\"list-style:none;\"><img decoding=\"async\" id=\"soliloquy-image-664\" class=\"soliloquy-image soliloquy-image-7 soliloquy-preload\" src=\"https:\/\/www.fewo-mangold.de\/wp-content\/plugins\/soliloquy\/assets\/css\/images\/holder.gif\" data-soliloquy-src=\"https:\/\/www.fewo-mangold.de\/wp-content\/uploads\/2015\/07\/wohnung-lichtblick-badezimmer.jpg\" alt=\"wohnung-lichtblick-badezimmer\" \/><\/li><li aria-hidden=\"true\" class=\"soliloquy-item soliloquy-item-8 soliloquy-id-811 soliloquy-image-slide\" draggable=\"false\" style=\"list-style:none;\"><img decoding=\"async\" id=\"soliloquy-image-811\" class=\"soliloquy-image soliloquy-image-8 soliloquy-preload\" src=\"https:\/\/www.fewo-mangold.de\/wp-content\/plugins\/soliloquy\/assets\/css\/images\/holder.gif\" data-soliloquy-src=\"https:\/\/www.fewo-mangold.de\/wp-content\/uploads\/2015\/07\/gem\u00fctlichkeit-im-Lichtblick.jpg\" alt=\"gem\u00fctlichkeit im Lichtblick\" \/><\/li><\/ul><\/div><noscript><style type=\"text\/css\">#soliloquy-container-566{opacity:1}#soliloquy-container-566 li > .soliloquy-caption{display:none}#soliloquy-container-566 li:first-child > .soliloquy-caption{display:block}<\/style><div class=\"soliloquy-no-js\" style=\"display:none;visibility:hidden;height:0;line-height:0;opacity:0;\"><img decoding=\"async\" class=\"soliloquy-image soliloquy-no-js-image skip-lazy\" src=\"https:\/\/www.fewo-mangold.de\/wp-content\/uploads\/2015\/07\/wohnung-lichtblick-terrasse-1.jpg\" alt=\"wohnung-lichtblick-terrasse\" \/><img decoding=\"async\" class=\"soliloquy-image soliloquy-no-js-image skip-lazy\" src=\"https:\/\/www.fewo-mangold.de\/wp-content\/uploads\/2015\/07\/willkommen-im-lichtblick.jpg\" alt=\"willkommen im lichtblick\" \/><img decoding=\"async\" class=\"soliloquy-image soliloquy-no-js-image skip-lazy\" src=\"https:\/\/www.fewo-mangold.de\/wp-content\/uploads\/2015\/07\/wohnung-lichtblick-k\u00fcche-2.jpg\" alt=\"wohnung lichtblick k\u00fcche 2\" \/><img decoding=\"async\" class=\"soliloquy-image soliloquy-no-js-image skip-lazy\" src=\"https:\/\/www.fewo-mangold.de\/wp-content\/uploads\/2015\/07\/lichtblick-kissenecke.jpg\" alt=\"lichtblick kissenecke\" \/><img decoding=\"async\" class=\"soliloquy-image soliloquy-no-js-image skip-lazy\" src=\"https:\/\/www.fewo-mangold.de\/wp-content\/uploads\/2015\/07\/kaffeestunde-im-lichtblick.jpg\" alt=\"kaffeestunde im lichtblick\" \/><img decoding=\"async\" class=\"soliloquy-image soliloquy-no-js-image skip-lazy\" src=\"https:\/\/www.fewo-mangold.de\/wp-content\/uploads\/2015\/07\/wohnung-lichtblick-schlafzimmer-1.jpg\" alt=\"wohnung-lichtblick-schlafzimmer\" \/><img decoding=\"async\" class=\"soliloquy-image soliloquy-no-js-image skip-lazy\" src=\"https:\/\/www.fewo-mangold.de\/wp-content\/uploads\/2015\/07\/wohnung-lichtblick-badezimmer.jpg\" alt=\"wohnung-lichtblick-badezimmer\" \/><img decoding=\"async\" class=\"soliloquy-image soliloquy-no-js-image skip-lazy\" src=\"https:\/\/www.fewo-mangold.de\/wp-content\/uploads\/2015\/07\/gem\u00fctlichkeit-im-Lichtblick.jpg\" alt=\"gem\u00fctlichkeit im Lichtblick\" \/><\/div><\/noscript><\/div><br \/>\nDie Ferienwohnung ist im Landhausstil freundlich eingerichtet. Die Wohnung verf\u00fcgt \u00fcber eine Wohnk\u00fcche mit Essecke, eine grosse Sofaecke, einem kleinen Flur, Badezimmer, einem Schlafzimmer und separatem Eingang. Genie\u00dfen Sie herrliche Stunden im kleinen Garten Ihres komfortablen Urlaubsparadieses.<\/p>\n<p><strong><span style=\"color: #2cb200;\">Ausstattung der Ferienwohnung<\/span><\/strong><br \/>\nbestens ausgestattete K\u00fcche<br \/>\nMikrowelle<br \/>\nSAT TV Radio<br \/>\nDuschbad mit F\u00f6hn<br \/>\nGarten mit Brotzeitecke, Sonnenliegen und Sonnenschirm<br \/>\nBabybett und Hochstuhl auf Anfrage<br \/>\nBettw\u00e4sche, Hand- und Badet\u00fccher inklusive Handt\u00fccher w\u00f6chentlicher Wechsel<br \/>\nDuschbad mit F\u00f6n<br \/>\nWanderst\u00f6cke, Rucksack und Schlitten im Verleih incl.<\/p>\n","protected":false},"excerpt":{"rendered":"<p>Ferienwohnung LICHTBLICK &#8211; geeignet f\u00fcr 2 Personen &#8211; Gr\u00f6sse 50 qm Die Ferienwohnung ist im Landhausstil freundlich eingerichtet. Die Wohnung verf\u00fcgt \u00fcber eine Wohnk\u00fcche mit Essecke, eine grosse Sofaecke, einem kleinen Flur, Badezimmer, einem Schlafzimmer und separatem Eingang. Genie\u00dfen Sie &hellip; <a href=\"https:\/\/www.fewo-mangold.de\/?page_id=542\">Weiterlesen <span class=\"meta-nav\">&rarr;<\/span><\/a><\/p>\n","protected":false},"author":1,"featured_media":0,"parent":0,"menu_order":0,"comment_status":"closed","ping_status":"closed","template":"","meta":{"footnotes":""},"class_list":["post-542","page","type-page","status-publish","hentry"],"_links":{"self":[{"href":"https:\/\/www.fewo-mangold.de\/index.php?rest_route=\/wp\/v2\/pages\/542"}],"collection":[{"href":"https:\/\/www.fewo-mangold.de\/index.php?rest_route=\/wp\/v2\/pages"}],"about":[{"href":"https:\/\/www.fewo-mangold.de\/index.php?rest_route=\/wp\/v2\/types\/page"}],"author":[{"embeddable":true,"href":"https:\/\/www.fewo-mangold.de\/index.php?rest_route=\/wp\/v2\/users\/1"}],"replies":[{"embeddable":true,"href":"https:\/\/www.fewo-mangold.de\/index.php?rest_route=%2Fwp%2Fv2%2Fcomments&post=542"}],"version-history":[{"count":7,"href":"https:\/\/www.fewo-mangold.de\/index.php?rest_route=\/wp\/v2\/pages\/542\/revisions"}],"predecessor-version":[{"id":614,"href":"https:\/\/www.fewo-mangold.de\/index.php?rest_route=\/wp\/v2\/pages\/542\/revisions\/614"}],"wp:attachment":[{"href":"https:\/\/www.fewo-mangold.de\/index.php?rest_route=%2Fwp%2Fv2%2Fmedia&parent=542"}],"curies":[{"name":"wp","href":"https:\/\/api.w.org\/{rel}","templated":true}]}}