{"id":42,"date":"2013-11-29T10:23:13","date_gmt":"2013-11-29T08:23:13","guid":{"rendered":"https:\/\/www.fewo-mangold.de\/?page_id=42"},"modified":"2022-11-11T13:00:15","modified_gmt":"2022-11-11T11:00:15","slug":"preise-leistungen","status":"publish","type":"page","link":"https:\/\/www.fewo-mangold.de\/?page_id=42","title":{"rendered":"Preise &#038; Leistungen"},"content":{"rendered":"<h3><strong><span style=\"color: #2cb200;\">Unsere Preise, Leistungen und Extras<\/span><\/strong><\/h3>\n\n<table id=\"tablepress-1\" class=\"tablepress tablepress-id-1\">\n<tbody class=\"row-hover\">\n<tr class=\"row-1 odd\">\n\t<td class=\"column-1\"><\/td><td class=\"column-2\">Bergsonne - 60 qm <br \/>\n<\/td><td class=\"column-3\">Spatzennest - 35 qm<\/td><td class=\"column-4\">Lichtblick - 50 qm <br \/>\n<\/td>\n<\/tr>\n<tr class=\"row-2 even\">\n\t<td class=\"column-1\">Preis pro Nacht<\/td><td class=\"column-2\">\u20ac 65,-<\/td><td class=\"column-3\">\u20ac 55,-<\/td><td class=\"column-4\">\u20ac 60,-<\/td>\n<\/tr>\n<tr class=\"row-3 odd\">\n\t<td class=\"column-1\">3. Person Erwachsener<\/td><td class=\"column-2\">\u20ac 15,-<\/td><td class=\"column-3\"><\/td><td class=\"column-4\">\u20ac 15,-<\/td>\n<\/tr>\n<tr class=\"row-4 even\">\n\t<td class=\"column-1\">3. Person bis 16 Jahre<\/td><td class=\"column-2\">\u20ac 12,-<\/td><td class=\"column-3\"><\/td><td class=\"column-4\">\u20ac 12,-<\/td>\n<\/tr>\n<tr class=\"row-5 odd\">\n\t<td class=\"column-1\">Aktionswochen<\/td><td class=\"column-2\">auf Anfrage<\/td><td class=\"column-3\">auf Anfrage<\/td><td class=\"column-4\">auf Anfrage<\/td>\n<\/tr>\n<tr class=\"row-6 even\">\n\t<td class=\"column-1\">Endreinigung<\/td><td class=\"column-2\">incl. ab einer Woche<\/td><td class=\"column-3\">incl. ab einer Woche<\/td><td class=\"column-4\">incl. ab einer Woche<\/td>\n<\/tr>\n<\/tbody>\n<\/table>\n<!-- #tablepress-1 from cache -->\n<p>Aufenthalte unter einer Woche auf Anfrage<\/p>\n<p><strong><span style=\"color: #2cb200;\">Leistungen ( incl. der Preise ):<\/span><\/strong><br \/>\ngro\u00dfer Stellplatz direkt am Haus<br \/>\nFahrradh\u00fctte abschlie\u00dfbar<br \/>\nbeheizter Skikeller<br \/>\nWanderst\u00f6cke, Rucksack, Schlitten im Verleih<br \/>\nSaulgrub ist eine kurtaxfreie Zone<\/p>\n<p><strong><span style=\"color: #2cb200;\">Extras:<\/span><\/strong><br \/>\nWLAN ist kostenfrei<br \/>\nGarage \u20ac 3,- pro Tag<br \/>\nGetr\u00e4nke zum Selbstkostenpreis<br \/>\nt\u00e4glicher frischer Semmelservice Abrechnung nach Menge<br \/>\nZubuchung Langlaufskiausr\u00fcstung ( Skischuhe, Ski classic oder skating, St\u00f6cke ) Preise auf Anfrage<br \/>\nZubuchung von Mountainbikes, E-Bikes Preise auf Anfrage<\/p>\n<p>Bitte beachten Sie, dass bei Stornierung und Nichtanreise unsere Stornobedingungen gelten, die Sie <a href=\"https:\/\/www.fewo-mangold.de\/wp-content\/uploads\/2015\/07\/stornobedingungen.pdf\" target=\"_blank\" rel=\"noopener noreferrer\">hier downloaden<\/a> k\u00f6nnen.<\/p>\n<p>Keine Kartenzahlung m\u00f6glich &#8211; nur Barzahlung oder eine Vorab\u00fcberweisung.<\/p>\n","protected":false},"excerpt":{"rendered":"<p>Unsere Preise, Leistungen und Extras Aufenthalte unter einer Woche auf Anfrage Leistungen ( incl. der Preise ): gro\u00dfer Stellplatz direkt am Haus Fahrradh\u00fctte abschlie\u00dfbar beheizter Skikeller Wanderst\u00f6cke, Rucksack, Schlitten im Verleih Saulgrub ist eine kurtaxfreie Zone Extras: WLAN ist kostenfrei &hellip; <a href=\"https:\/\/www.fewo-mangold.de\/?page_id=42\">Weiterlesen <span class=\"meta-nav\">&rarr;<\/span><\/a><\/p>\n","protected":false},"author":1,"featured_media":0,"parent":0,"menu_order":0,"comment_status":"closed","ping_status":"closed","template":"","meta":{"footnotes":""},"class_list":["post-42","page","type-page","status-publish","hentry"],"_links":{"self":[{"href":"https:\/\/www.fewo-mangold.de\/index.php?rest_route=\/wp\/v2\/pages\/42"}],"collection":[{"href":"https:\/\/www.fewo-mangold.de\/index.php?rest_route=\/wp\/v2\/pages"}],"about":[{"href":"https:\/\/www.fewo-mangold.de\/index.php?rest_route=\/wp\/v2\/types\/page"}],"author":[{"embeddable":true,"href":"https:\/\/www.fewo-mangold.de\/index.php?rest_route=\/wp\/v2\/users\/1"}],"replies":[{"embeddable":true,"href":"https:\/\/www.fewo-mangold.de\/index.php?rest_route=%2Fwp%2Fv2%2Fcomments&post=42"}],"version-history":[{"count":32,"href":"https:\/\/www.fewo-mangold.de\/index.php?rest_route=\/wp\/v2\/pages\/42\/revisions"}],"predecessor-version":[{"id":992,"href":"https:\/\/www.fewo-mangold.de\/index.php?rest_route=\/wp\/v2\/pages\/42\/revisions\/992"}],"wp:attachment":[{"href":"https:\/\/www.fewo-mangold.de\/index.php?rest_route=%2Fwp%2Fv2%2Fmedia&parent=42"}],"curies":[{"name":"wp","href":"https:\/\/api.w.org\/{rel}","templated":true}]}}