{"id":39,"date":"2013-11-29T10:21:51","date_gmt":"2013-11-29T08:21:51","guid":{"rendered":"https:\/\/www.fewo-mangold.de\/?page_id=39"},"modified":"2013-12-14T22:27:32","modified_gmt":"2013-12-14T20:27:32","slug":"sommer","status":"publish","type":"page","link":"https:\/\/www.fewo-mangold.de\/?page_id=39","title":{"rendered":"Sommer"},"content":{"rendered":"<h3><span style=\"color: #2cb200;\">Kulturgut &amp; Ziele in Oberbayern<\/span><\/h3>\n<div class=\"soliloquy-outer-container\" data-soliloquy-loaded=\"0\"><div aria-live=\"polite\" id=\"soliloquy-container-253\" class=\"soliloquy-container soliloquy-transition-fade soliloquy-fade  soliloquy-theme-classic\" style=\"max-width:825px;max-height:400px;margin:0 auto 20px;\"><ul id=\"soliloquy-253\" class=\"soliloquy-slider soliloquy-slides soliloquy-wrap soliloquy-clear\"><li aria-hidden=\"true\" class=\"soliloquy-item soliloquy-item-1 soliloquy-id-259 soliloquy-image-slide\" draggable=\"false\" style=\"list-style:none;\"><img decoding=\"async\" id=\"soliloquy-image-259\" class=\"soliloquy-image soliloquy-image-1\" src=\"https:\/\/www.fewo-mangold.de\/wp-content\/uploads\/2013\/12\/linderhof.jpg\" alt=\"linderhof\" \/><\/li><li aria-hidden=\"true\" class=\"soliloquy-item soliloquy-item-2 soliloquy-id-257 soliloquy-image-slide\" draggable=\"false\" style=\"list-style:none;\"><img decoding=\"async\" id=\"soliloquy-image-257\" class=\"soliloquy-image soliloquy-image-2 soliloquy-preload\" src=\"https:\/\/www.fewo-mangold.de\/wp-content\/plugins\/soliloquy\/assets\/css\/images\/holder.gif\" data-soliloquy-src=\"https:\/\/www.fewo-mangold.de\/wp-content\/uploads\/2013\/12\/hohenschwangau.jpg\" alt=\"hohenschwangau\" \/><\/li><li aria-hidden=\"true\" class=\"soliloquy-item soliloquy-item-3 soliloquy-id-813 soliloquy-image-slide\" draggable=\"false\" style=\"list-style:none;\"><img decoding=\"async\" id=\"soliloquy-image-813\" class=\"soliloquy-image soliloquy-image-3 soliloquy-preload\" src=\"https:\/\/www.fewo-mangold.de\/wp-content\/plugins\/soliloquy\/assets\/css\/images\/holder.gif\" data-soliloquy-src=\"https:\/\/www.fewo-mangold.de\/wp-content\/uploads\/2013\/12\/wandern-in-der-partnachklamm.jpg\" alt=\"wandern in der partnachklamm\" \/><\/li><li aria-hidden=\"true\" class=\"soliloquy-item soliloquy-item-4 soliloquy-id-277 soliloquy-image-slide\" draggable=\"false\" style=\"list-style:none;\"><img decoding=\"async\" id=\"soliloquy-image-277\" class=\"soliloquy-image soliloquy-image-4 soliloquy-preload\" src=\"https:\/\/www.fewo-mangold.de\/wp-content\/plugins\/soliloquy\/assets\/css\/images\/holder.gif\" data-soliloquy-src=\"https:\/\/www.fewo-mangold.de\/wp-content\/uploads\/2013\/12\/biketour.jpg\" alt=\"biketour\" \/><\/li><li aria-hidden=\"true\" class=\"soliloquy-item soliloquy-item-5 soliloquy-id-261 soliloquy-image-slide\" draggable=\"false\" style=\"list-style:none;\"><img decoding=\"async\" id=\"soliloquy-image-261\" class=\"soliloquy-image soliloquy-image-5 soliloquy-preload\" src=\"https:\/\/www.fewo-mangold.de\/wp-content\/plugins\/soliloquy\/assets\/css\/images\/holder.gif\" data-soliloquy-src=\"https:\/\/www.fewo-mangold.de\/wp-content\/uploads\/2013\/12\/zugspitze.jpg\" alt=\"zugspitze\" \/><\/li><li aria-hidden=\"true\" class=\"soliloquy-item soliloquy-item-6 soliloquy-id-260 soliloquy-image-slide\" draggable=\"false\" style=\"list-style:none;\"><img decoding=\"async\" id=\"soliloquy-image-260\" class=\"soliloquy-image soliloquy-image-6 soliloquy-preload\" src=\"https:\/\/www.fewo-mangold.de\/wp-content\/plugins\/soliloquy\/assets\/css\/images\/holder.gif\" data-soliloquy-src=\"https:\/\/www.fewo-mangold.de\/wp-content\/uploads\/2013\/12\/wieskirche.jpg\" alt=\"wieskirche\" \/><\/li><li aria-hidden=\"true\" class=\"soliloquy-item soliloquy-item-7 soliloquy-id-276 soliloquy-image-slide\" draggable=\"false\" style=\"list-style:none;\"><img decoding=\"async\" id=\"soliloquy-image-276\" class=\"soliloquy-image soliloquy-image-7 soliloquy-preload\" src=\"https:\/\/www.fewo-mangold.de\/wp-content\/plugins\/soliloquy\/assets\/css\/images\/holder.gif\" data-soliloquy-src=\"https:\/\/www.fewo-mangold.de\/wp-content\/uploads\/2013\/12\/walchensee.jpg\" alt=\"walchensee\" \/><\/li><li aria-hidden=\"true\" class=\"soliloquy-item soliloquy-item-8 soliloquy-id-565 soliloquy-image-slide\" draggable=\"false\" style=\"list-style:none;\"><img decoding=\"async\" id=\"soliloquy-image-565\" class=\"soliloquy-image soliloquy-image-8 soliloquy-preload\" src=\"https:\/\/www.fewo-mangold.de\/wp-content\/plugins\/soliloquy\/assets\/css\/images\/holder.gif\" data-soliloquy-src=\"https:\/\/www.fewo-mangold.de\/wp-content\/uploads\/2013\/12\/h\u00f6rnle.jpg\" alt=\"h\u00f6rnle\" \/><\/li><li aria-hidden=\"true\" class=\"soliloquy-item soliloquy-item-9 soliloquy-id-258 soliloquy-image-slide\" draggable=\"false\" style=\"list-style:none;\"><img decoding=\"async\" id=\"soliloquy-image-258\" class=\"soliloquy-image soliloquy-image-9 soliloquy-preload\" src=\"https:\/\/www.fewo-mangold.de\/wp-content\/plugins\/soliloquy\/assets\/css\/images\/holder.gif\" data-soliloquy-src=\"https:\/\/www.fewo-mangold.de\/wp-content\/uploads\/2013\/12\/kloster-ettal.jpg\" alt=\"kloster ettal\" \/><\/li><li aria-hidden=\"true\" class=\"soliloquy-item soliloquy-item-10 soliloquy-id-278 soliloquy-image-slide\" draggable=\"false\" style=\"list-style:none;\"><img decoding=\"async\" id=\"soliloquy-image-278\" class=\"soliloquy-image soliloquy-image-10 soliloquy-preload\" src=\"https:\/\/www.fewo-mangold.de\/wp-content\/plugins\/soliloquy\/assets\/css\/images\/holder.gif\" data-soliloquy-src=\"https:\/\/www.fewo-mangold.de\/wp-content\/uploads\/2013\/12\/ahornboden.jpg\" alt=\"ahornboden\" \/><\/li><\/ul><\/div><noscript><style type=\"text\/css\">#soliloquy-container-253{opacity:1}#soliloquy-container-253 li > .soliloquy-caption{display:none}#soliloquy-container-253 li:first-child > .soliloquy-caption{display:block}<\/style><div class=\"soliloquy-no-js\" style=\"display:none;visibility:hidden;height:0;line-height:0;opacity:0;\"><img decoding=\"async\" class=\"soliloquy-image soliloquy-no-js-image skip-lazy\" src=\"https:\/\/www.fewo-mangold.de\/wp-content\/uploads\/2013\/12\/linderhof.jpg\" alt=\"linderhof\" \/><img decoding=\"async\" class=\"soliloquy-image soliloquy-no-js-image skip-lazy\" src=\"https:\/\/www.fewo-mangold.de\/wp-content\/uploads\/2013\/12\/hohenschwangau.jpg\" alt=\"hohenschwangau\" \/><img decoding=\"async\" class=\"soliloquy-image soliloquy-no-js-image skip-lazy\" src=\"https:\/\/www.fewo-mangold.de\/wp-content\/uploads\/2013\/12\/wandern-in-der-partnachklamm.jpg\" alt=\"wandern in der partnachklamm\" \/><img decoding=\"async\" class=\"soliloquy-image soliloquy-no-js-image skip-lazy\" src=\"https:\/\/www.fewo-mangold.de\/wp-content\/uploads\/2013\/12\/biketour.jpg\" alt=\"biketour\" \/><img decoding=\"async\" class=\"soliloquy-image soliloquy-no-js-image skip-lazy\" src=\"https:\/\/www.fewo-mangold.de\/wp-content\/uploads\/2013\/12\/zugspitze.jpg\" alt=\"zugspitze\" \/><img decoding=\"async\" class=\"soliloquy-image soliloquy-no-js-image skip-lazy\" src=\"https:\/\/www.fewo-mangold.de\/wp-content\/uploads\/2013\/12\/wieskirche.jpg\" alt=\"wieskirche\" \/><img decoding=\"async\" class=\"soliloquy-image soliloquy-no-js-image skip-lazy\" src=\"https:\/\/www.fewo-mangold.de\/wp-content\/uploads\/2013\/12\/walchensee.jpg\" alt=\"walchensee\" \/><img decoding=\"async\" class=\"soliloquy-image soliloquy-no-js-image skip-lazy\" src=\"https:\/\/www.fewo-mangold.de\/wp-content\/uploads\/2013\/12\/h\u00f6rnle.jpg\" alt=\"h\u00f6rnle\" \/><img decoding=\"async\" class=\"soliloquy-image soliloquy-no-js-image skip-lazy\" src=\"https:\/\/www.fewo-mangold.de\/wp-content\/uploads\/2013\/12\/kloster-ettal.jpg\" alt=\"kloster ettal\" \/><img decoding=\"async\" class=\"soliloquy-image soliloquy-no-js-image skip-lazy\" src=\"https:\/\/www.fewo-mangold.de\/wp-content\/uploads\/2013\/12\/ahornboden.jpg\" alt=\"ahornboden\" \/><\/div><\/noscript><\/div>\n<p>&nbsp;<\/p>\n<p>In der unmittelbaren N\u00e4he zum Urlaubsdomizil befinden sich die bayrischen Schl\u00f6sser Linderhof, Neuschwanenstein, Hohenschwangau und das Schachenhaus &#8211; alle erbaut f\u00fcr K\u00f6nig Ludwig.<\/p>\n<p>Das Kloster Ettal, Oberammergau, Gamisch-Partenkirchen mit der Zugspitze und die wilde noch sehr urspr\u00fcngliche Naturlandschaft im Ammerdurchbruch &#8211; die Scheibum &#8211; mit den Schleierwasserf\u00e4llen sind nur einige der beliebtesten Ausflugsziele im Sommer und Winter.<\/p>\n<p>Besuchen Sie das F\u00fcnfseenland und die Marktgemeinde Murnau am Staffelsee. Dort lohnt sich ein Besuch im ber\u00fchmten M\u00fcnterhaus. Wandeln Sie auf den Spuren des Blauen Reiters im Franz Marc Museum in Kochel.<\/p>\n<p>Bergwanderungen in allen Schwierigkeitsgraden finden Sie im nahegelegenen Karwendelgebirge.<\/p>\n<p>Wassersportm\u00f6glichkeiten auf dem Walchensee, der Ammer, Isar und Loisach unterst\u00fctzen die Entspannung und Entschleunigung.<\/p>\n<p>Starten Sie eine Mountainbiketour direkt am Ferienhaus Mangold.<\/p>\n<p>Geniessen Sie die vielseitige bayrische K\u00fcche mit naturbelassenen Zutaten, die mit viel Liebe zubereitet werden.<\/p>\n<p>Wir geben Ihnen gern Informationen und Tipps f\u00fcr Ihre Freizeitplanung vor Ort.<\/p>\n<p>&nbsp;<\/p>\n<p>&nbsp;<\/p>\n<p>&nbsp;<\/p>\n","protected":false},"excerpt":{"rendered":"<p>Kulturgut &amp; Ziele in Oberbayern &nbsp; In der unmittelbaren N\u00e4he zum Urlaubsdomizil befinden sich die bayrischen Schl\u00f6sser Linderhof, Neuschwanenstein, Hohenschwangau und das Schachenhaus &#8211; alle erbaut f\u00fcr K\u00f6nig Ludwig. Das Kloster Ettal, Oberammergau, Gamisch-Partenkirchen mit der Zugspitze und die wilde &hellip; <a href=\"https:\/\/www.fewo-mangold.de\/?page_id=39\">Weiterlesen <span class=\"meta-nav\">&rarr;<\/span><\/a><\/p>\n","protected":false},"author":1,"featured_media":0,"parent":0,"menu_order":0,"comment_status":"closed","ping_status":"closed","template":"","meta":{"footnotes":""},"class_list":["post-39","page","type-page","status-publish","hentry"],"_links":{"self":[{"href":"https:\/\/www.fewo-mangold.de\/index.php?rest_route=\/wp\/v2\/pages\/39"}],"collection":[{"href":"https:\/\/www.fewo-mangold.de\/index.php?rest_route=\/wp\/v2\/pages"}],"about":[{"href":"https:\/\/www.fewo-mangold.de\/index.php?rest_route=\/wp\/v2\/types\/page"}],"author":[{"embeddable":true,"href":"https:\/\/www.fewo-mangold.de\/index.php?rest_route=\/wp\/v2\/users\/1"}],"replies":[{"embeddable":true,"href":"https:\/\/www.fewo-mangold.de\/index.php?rest_route=%2Fwp%2Fv2%2Fcomments&post=39"}],"version-history":[{"count":27,"href":"https:\/\/www.fewo-mangold.de\/index.php?rest_route=\/wp\/v2\/pages\/39\/revisions"}],"predecessor-version":[{"id":366,"href":"https:\/\/www.fewo-mangold.de\/index.php?rest_route=\/wp\/v2\/pages\/39\/revisions\/366"}],"wp:attachment":[{"href":"https:\/\/www.fewo-mangold.de\/index.php?rest_route=%2Fwp%2Fv2%2Fmedia&parent=39"}],"curies":[{"name":"wp","href":"https:\/\/api.w.org\/{rel}","templated":true}]}}