{"id":30,"date":"2013-11-29T10:17:04","date_gmt":"2013-11-29T08:17:04","guid":{"rendered":"https:\/\/www.fewo-mangold.de\/?page_id=30"},"modified":"2016-09-27T22:56:25","modified_gmt":"2016-09-27T20:56:25","slug":"lage","status":"publish","type":"page","link":"https:\/\/www.fewo-mangold.de\/?page_id=30","title":{"rendered":"Lage &#038; Anreise"},"content":{"rendered":"<h3><strong><span style=\"color: #2cb200;\">Die Anreise zu unseren Ferienwohnungen in Saulgrub..<\/span><\/strong><\/h3>\n<p>Sie erreichen uns am schnellsten \u00fcber die Autobahn M\u00fcnchen &#8211; Garmisch, Ausfahrt Murnau oder \u00fcber die Autobahn Ulm &#8211; Kempten \u00fcber Schongau.<\/p>\n<p>Von S\u00fcden kommend erreichen Sie uns am besten \u00fcber Garmisch-Partenkirchen &#8211; Oberammergau.<\/p>\n\n","protected":false},"excerpt":{"rendered":"<p>Die Anreise zu unseren Ferienwohnungen in Saulgrub.. Sie erreichen uns am schnellsten \u00fcber die Autobahn M\u00fcnchen &#8211; Garmisch, Ausfahrt Murnau oder \u00fcber die Autobahn Ulm &#8211; Kempten \u00fcber Schongau. Von S\u00fcden kommend erreichen Sie uns am besten \u00fcber Garmisch-Partenkirchen &#8211; &hellip; <a href=\"https:\/\/www.fewo-mangold.de\/?page_id=30\">Weiterlesen <span class=\"meta-nav\">&rarr;<\/span><\/a><\/p>\n","protected":false},"author":1,"featured_media":0,"parent":0,"menu_order":0,"comment_status":"closed","ping_status":"closed","template":"","meta":{"footnotes":""},"class_list":["post-30","page","type-page","status-publish","hentry"],"_links":{"self":[{"href":"https:\/\/www.fewo-mangold.de\/index.php?rest_route=\/wp\/v2\/pages\/30"}],"collection":[{"href":"https:\/\/www.fewo-mangold.de\/index.php?rest_route=\/wp\/v2\/pages"}],"about":[{"href":"https:\/\/www.fewo-mangold.de\/index.php?rest_route=\/wp\/v2\/types\/page"}],"author":[{"embeddable":true,"href":"https:\/\/www.fewo-mangold.de\/index.php?rest_route=\/wp\/v2\/users\/1"}],"replies":[{"embeddable":true,"href":"https:\/\/www.fewo-mangold.de\/index.php?rest_route=%2Fwp%2Fv2%2Fcomments&post=30"}],"version-history":[{"count":17,"href":"https:\/\/www.fewo-mangold.de\/index.php?rest_route=\/wp\/v2\/pages\/30\/revisions"}],"predecessor-version":[{"id":635,"href":"https:\/\/www.fewo-mangold.de\/index.php?rest_route=\/wp\/v2\/pages\/30\/revisions\/635"}],"wp:attachment":[{"href":"https:\/\/www.fewo-mangold.de\/index.php?rest_route=%2Fwp%2Fv2%2Fmedia&parent=30"}],"curies":[{"name":"wp","href":"https:\/\/api.w.org\/{rel}","templated":true}]}}