{"id":27,"date":"2013-11-29T10:16:45","date_gmt":"2013-11-29T08:16:45","guid":{"rendered":"https:\/\/www.fewo-mangold.de\/?page_id=27"},"modified":"2013-12-10T22:34:01","modified_gmt":"2013-12-10T20:34:01","slug":"aktiv-im-winter","status":"publish","type":"page","link":"https:\/\/www.fewo-mangold.de\/?page_id=27","title":{"rendered":"Winter"},"content":{"rendered":"<h3><span style=\"color: #2cb200;\">Aktivsport vor der Haust\u00fcr<\/span><\/h3>\n<div class=\"soliloquy-outer-container\" data-soliloquy-loaded=\"0\"><div aria-live=\"polite\" id=\"soliloquy-container-254\" class=\"soliloquy-container soliloquy-transition-fade soliloquy-fade  soliloquy-theme-classic\" style=\"max-width:825px;max-height:400px;margin:0 auto 20px;\"><ul id=\"soliloquy-254\" class=\"soliloquy-slider soliloquy-slides soliloquy-wrap soliloquy-clear\"><li aria-hidden=\"true\" class=\"soliloquy-item soliloquy-item-1 soliloquy-id-280 soliloquy-image-slide\" draggable=\"false\" style=\"list-style:none;\"><img decoding=\"async\" id=\"soliloquy-image-280\" class=\"soliloquy-image soliloquy-image-1\" src=\"https:\/\/www.fewo-mangold.de\/wp-content\/uploads\/2013\/12\/alpspitz.jpg\" alt=\"alpspitz\" \/><\/li><li aria-hidden=\"true\" class=\"soliloquy-item soliloquy-item-2 soliloquy-id-812 soliloquy-image-slide\" draggable=\"false\" style=\"list-style:none;\"><img decoding=\"async\" id=\"soliloquy-image-812\" class=\"soliloquy-image soliloquy-image-2 soliloquy-preload\" src=\"https:\/\/www.fewo-mangold.de\/wp-content\/plugins\/soliloquy\/assets\/css\/images\/holder.gif\" data-soliloquy-src=\"https:\/\/www.fewo-mangold.de\/wp-content\/uploads\/2013\/12\/winterwandern-im-schnee.jpg\" alt=\"winterwandern im schnee\" \/><\/li><li aria-hidden=\"true\" class=\"soliloquy-item soliloquy-item-3 soliloquy-id-284 soliloquy-image-slide\" draggable=\"false\" style=\"list-style:none;\"><img decoding=\"async\" id=\"soliloquy-image-284\" class=\"soliloquy-image soliloquy-image-3 soliloquy-preload\" src=\"https:\/\/www.fewo-mangold.de\/wp-content\/plugins\/soliloquy\/assets\/css\/images\/holder.gif\" data-soliloquy-src=\"https:\/\/www.fewo-mangold.de\/wp-content\/uploads\/2013\/12\/loipennetz.jpg\" alt=\"loipennetz\" \/><\/li><li aria-hidden=\"true\" class=\"soliloquy-item soliloquy-item-4 soliloquy-id-281 soliloquy-image-slide\" draggable=\"false\" style=\"list-style:none;\"><img decoding=\"async\" id=\"soliloquy-image-281\" class=\"soliloquy-image soliloquy-image-4 soliloquy-preload\" src=\"https:\/\/www.fewo-mangold.de\/wp-content\/plugins\/soliloquy\/assets\/css\/images\/holder.gif\" data-soliloquy-src=\"https:\/\/www.fewo-mangold.de\/wp-content\/uploads\/2013\/12\/geroldsee.jpg\" alt=\"geroldsee\" \/><\/li><li aria-hidden=\"true\" class=\"soliloquy-item soliloquy-item-5 soliloquy-id-283 soliloquy-image-slide\" draggable=\"false\" style=\"list-style:none;\"><img decoding=\"async\" id=\"soliloquy-image-283\" class=\"soliloquy-image soliloquy-image-5 soliloquy-preload\" src=\"https:\/\/www.fewo-mangold.de\/wp-content\/plugins\/soliloquy\/assets\/css\/images\/holder.gif\" data-soliloquy-src=\"https:\/\/www.fewo-mangold.de\/wp-content\/uploads\/2013\/12\/loipen.jpg\" alt=\"loipen\" \/><\/li><li aria-hidden=\"true\" class=\"soliloquy-item soliloquy-item-6 soliloquy-id-285 soliloquy-image-slide\" draggable=\"false\" style=\"list-style:none;\"><img decoding=\"async\" id=\"soliloquy-image-285\" class=\"soliloquy-image soliloquy-image-6 soliloquy-preload\" src=\"https:\/\/www.fewo-mangold.de\/wp-content\/plugins\/soliloquy\/assets\/css\/images\/holder.gif\" data-soliloquy-src=\"https:\/\/www.fewo-mangold.de\/wp-content\/uploads\/2013\/12\/skaten.jpg\" alt=\"skaten\" \/><\/li><li aria-hidden=\"true\" class=\"soliloquy-item soliloquy-item-7 soliloquy-id-286 soliloquy-image-slide\" draggable=\"false\" style=\"list-style:none;\"><img decoding=\"async\" id=\"soliloquy-image-286\" class=\"soliloquy-image soliloquy-image-7 soliloquy-preload\" src=\"https:\/\/www.fewo-mangold.de\/wp-content\/plugins\/soliloquy\/assets\/css\/images\/holder.gif\" data-soliloquy-src=\"https:\/\/www.fewo-mangold.de\/wp-content\/uploads\/2013\/12\/wanderweg-im-schnee.jpg\" alt=\"wanderweg im schnee\" \/><\/li><\/ul><\/div><noscript><style type=\"text\/css\">#soliloquy-container-254{opacity:1}#soliloquy-container-254 li > .soliloquy-caption{display:none}#soliloquy-container-254 li:first-child > .soliloquy-caption{display:block}<\/style><div class=\"soliloquy-no-js\" style=\"display:none;visibility:hidden;height:0;line-height:0;opacity:0;\"><img decoding=\"async\" class=\"soliloquy-image soliloquy-no-js-image skip-lazy\" src=\"https:\/\/www.fewo-mangold.de\/wp-content\/uploads\/2013\/12\/alpspitz.jpg\" alt=\"alpspitz\" \/><img decoding=\"async\" class=\"soliloquy-image soliloquy-no-js-image skip-lazy\" src=\"https:\/\/www.fewo-mangold.de\/wp-content\/uploads\/2013\/12\/winterwandern-im-schnee.jpg\" alt=\"winterwandern im schnee\" \/><img decoding=\"async\" class=\"soliloquy-image soliloquy-no-js-image skip-lazy\" src=\"https:\/\/www.fewo-mangold.de\/wp-content\/uploads\/2013\/12\/loipennetz.jpg\" alt=\"loipennetz\" \/><img decoding=\"async\" class=\"soliloquy-image soliloquy-no-js-image skip-lazy\" src=\"https:\/\/www.fewo-mangold.de\/wp-content\/uploads\/2013\/12\/geroldsee.jpg\" alt=\"geroldsee\" \/><img decoding=\"async\" class=\"soliloquy-image soliloquy-no-js-image skip-lazy\" src=\"https:\/\/www.fewo-mangold.de\/wp-content\/uploads\/2013\/12\/loipen.jpg\" alt=\"loipen\" \/><img decoding=\"async\" class=\"soliloquy-image soliloquy-no-js-image skip-lazy\" src=\"https:\/\/www.fewo-mangold.de\/wp-content\/uploads\/2013\/12\/skaten.jpg\" alt=\"skaten\" \/><img decoding=\"async\" class=\"soliloquy-image soliloquy-no-js-image skip-lazy\" src=\"https:\/\/www.fewo-mangold.de\/wp-content\/uploads\/2013\/12\/wanderweg-im-schnee.jpg\" alt=\"wanderweg im schnee\" \/><\/div><\/noscript><\/div>\n<p>&nbsp;<\/p>\n<p>Das Loipennetz der Skilangl\u00e4ufer beginnt 200 m vor Ihrem Balkon, ist rund 100 km lang und verbindet 13 Rundkurse. Das Langlaufgebiet wurde vom ADAC mit 4 Sternen ausgezeichnet. Die schneesichere Lage von Dezember bis Ende M\u00e4rz, top gespurte Classic- und Skatingloipen garantieren einen Winteraktivurlaub der Ammergauer Alpen.<\/p>\n<p>F\u00fcr alle sportlich ambitionierten L\u00e4ufer ist der j\u00e4hrliche K\u00f6nig Ludwig Lauf im Februar \u00fcber 50 \/ 23 km mit rund 4000 Teilnehmern das Topevent der Saison.<\/p>\n<p>Zwei Skischulen bieten Kurse und Material an. Informationen erhalten Sie gern von uns.<\/p>\n<p>F\u00fcr alpine Skifahrer bieten sich mehrere Liftanlagen in unmittelbarer N\u00e4he an. Skitourengeher finden in den Ammergauer Alpen noch unber\u00fchrte Tourenwanderungen.<\/p>\n<p>Freunde des Hundeschlittenfahren mit Huskys k\u00f6nnen erste Erfahrungen in freier Natur machen.<\/p>\n<p>Geniessen Sie den Winter in unseren Ferienwohnungen und lassen die Seele baumeln.<\/p>\n","protected":false},"excerpt":{"rendered":"<p>Aktivsport vor der Haust\u00fcr &nbsp; Das Loipennetz der Skilangl\u00e4ufer beginnt 200 m vor Ihrem Balkon, ist rund 100 km lang und verbindet 13 Rundkurse. Das Langlaufgebiet wurde vom ADAC mit 4 Sternen ausgezeichnet. Die schneesichere Lage von Dezember bis Ende &hellip; <a href=\"https:\/\/www.fewo-mangold.de\/?page_id=27\">Weiterlesen <span class=\"meta-nav\">&rarr;<\/span><\/a><\/p>\n","protected":false},"author":1,"featured_media":0,"parent":0,"menu_order":0,"comment_status":"closed","ping_status":"closed","template":"","meta":{"footnotes":""},"class_list":["post-27","page","type-page","status-publish","hentry"],"_links":{"self":[{"href":"https:\/\/www.fewo-mangold.de\/index.php?rest_route=\/wp\/v2\/pages\/27"}],"collection":[{"href":"https:\/\/www.fewo-mangold.de\/index.php?rest_route=\/wp\/v2\/pages"}],"about":[{"href":"https:\/\/www.fewo-mangold.de\/index.php?rest_route=\/wp\/v2\/types\/page"}],"author":[{"embeddable":true,"href":"https:\/\/www.fewo-mangold.de\/index.php?rest_route=\/wp\/v2\/users\/1"}],"replies":[{"embeddable":true,"href":"https:\/\/www.fewo-mangold.de\/index.php?rest_route=%2Fwp%2Fv2%2Fcomments&post=27"}],"version-history":[{"count":11,"href":"https:\/\/www.fewo-mangold.de\/index.php?rest_route=\/wp\/v2\/pages\/27\/revisions"}],"predecessor-version":[{"id":292,"href":"https:\/\/www.fewo-mangold.de\/index.php?rest_route=\/wp\/v2\/pages\/27\/revisions\/292"}],"wp:attachment":[{"href":"https:\/\/www.fewo-mangold.de\/index.php?rest_route=%2Fwp%2Fv2%2Fmedia&parent=27"}],"curies":[{"name":"wp","href":"https:\/\/api.w.org\/{rel}","templated":true}]}}