{"id":24,"date":"2013-11-29T10:16:31","date_gmt":"2013-11-29T08:16:31","guid":{"rendered":"https:\/\/www.fewo-mangold.de\/?page_id=24"},"modified":"2014-07-28T15:09:49","modified_gmt":"2014-07-28T13:09:49","slug":"aktiv-im-sommer","status":"publish","type":"page","link":"https:\/\/www.fewo-mangold.de\/?page_id=24","title":{"rendered":"Aktiv &#038; Relaxen"},"content":{"rendered":"<h3><strong><span style=\"color: #2cb200;\">Sport, Kultur, Kulinarik und Entspannung &#8230;<\/span><\/strong><\/h3>\n<p><div class=\"soliloquy-outer-container\" data-soliloquy-loaded=\"0\"><div aria-live=\"polite\" id=\"soliloquy-container-225\" class=\"soliloquy-container soliloquy-transition-fade soliloquy-fade soliloquy-theme-classic\" style=\"max-width:825px;max-height:400px;margin:0 auto 20px;\"><ul id=\"soliloquy-225\" class=\"soliloquy-slider soliloquy-slides soliloquy-wrap soliloquy-clear\"><li aria-hidden=\"true\" class=\"soliloquy-item soliloquy-item-1 soliloquy-id-228 soliloquy-image-slide\" draggable=\"false\" style=\"list-style:none;\"><img decoding=\"async\" id=\"soliloquy-image-228\" class=\"soliloquy-image soliloquy-image-1\" src=\"https:\/\/www.fewo-mangold.de\/wp-content\/uploads\/2013\/12\/loisach.jpg\" alt=\"loisach\" \/><\/li><li aria-hidden=\"true\" class=\"soliloquy-item soliloquy-item-2 soliloquy-id-227 soliloquy-image-slide\" draggable=\"false\" style=\"list-style:none;\"><img decoding=\"async\" id=\"soliloquy-image-227\" class=\"soliloquy-image soliloquy-image-2 soliloquy-preload\" src=\"https:\/\/www.fewo-mangold.de\/wp-content\/plugins\/soliloquy\/assets\/css\/images\/holder.gif\" data-soliloquy-src=\"https:\/\/www.fewo-mangold.de\/wp-content\/uploads\/2013\/12\/hinterriss.jpg\" alt=\"hinterriss\" \/><\/li><li aria-hidden=\"true\" class=\"soliloquy-item soliloquy-item-3 soliloquy-id-229 soliloquy-image-slide\" draggable=\"false\" style=\"list-style:none;\"><img decoding=\"async\" id=\"soliloquy-image-229\" class=\"soliloquy-image soliloquy-image-3 soliloquy-preload\" src=\"https:\/\/www.fewo-mangold.de\/wp-content\/plugins\/soliloquy\/assets\/css\/images\/holder.gif\" data-soliloquy-src=\"https:\/\/www.fewo-mangold.de\/wp-content\/uploads\/2013\/12\/vorderriss.jpg\" alt=\"vorderriss\" \/><\/li><li aria-hidden=\"true\" class=\"soliloquy-item soliloquy-item-4 soliloquy-id-230 soliloquy-image-slide\" draggable=\"false\" style=\"list-style:none;\"><img decoding=\"async\" id=\"soliloquy-image-230\" class=\"soliloquy-image soliloquy-image-4 soliloquy-preload\" src=\"https:\/\/www.fewo-mangold.de\/wp-content\/plugins\/soliloquy\/assets\/css\/images\/holder.gif\" data-soliloquy-src=\"https:\/\/www.fewo-mangold.de\/wp-content\/uploads\/2013\/12\/waldweg.jpg\" alt=\"waldweg\" \/><\/li><\/ul><\/div><noscript><style type=\"text\/css\">#soliloquy-container-225{opacity:1}#soliloquy-container-225 li > .soliloquy-caption{display:none}#soliloquy-container-225 li:first-child > .soliloquy-caption{display:block}<\/style><div class=\"soliloquy-no-js\" style=\"display:none;visibility:hidden;height:0;line-height:0;opacity:0;\"><img decoding=\"async\" class=\"soliloquy-image soliloquy-no-js-image skip-lazy\" src=\"https:\/\/www.fewo-mangold.de\/wp-content\/uploads\/2013\/12\/loisach.jpg\" alt=\"loisach\" \/><img decoding=\"async\" class=\"soliloquy-image soliloquy-no-js-image skip-lazy\" src=\"https:\/\/www.fewo-mangold.de\/wp-content\/uploads\/2013\/12\/hinterriss.jpg\" alt=\"hinterriss\" \/><img decoding=\"async\" class=\"soliloquy-image soliloquy-no-js-image skip-lazy\" src=\"https:\/\/www.fewo-mangold.de\/wp-content\/uploads\/2013\/12\/vorderriss.jpg\" alt=\"vorderriss\" \/><img decoding=\"async\" class=\"soliloquy-image soliloquy-no-js-image skip-lazy\" src=\"https:\/\/www.fewo-mangold.de\/wp-content\/uploads\/2013\/12\/waldweg.jpg\" alt=\"waldweg\" \/><\/div><\/noscript><\/div><br \/>\nDie Ferienregion Ammergauer Alpen bietet Ihnen ganzj\u00e4hrig ein grosses Angebot an Outdoor-Aktivit\u00e4ten, unvergesslichen Erkundungen und Erlebnisse im bayrischen Oberland.<\/p>\n<p>In unserem H\u00fctterl k\u00f6nnen Sie bei einem gem\u00fctlichen Umtrunk zum Selbstkostenpreis den Tag ausklingen lassen und den n\u00e4chsten Ausflug mit dem ausliegenden Infomaterial planen.<\/p>\n","protected":false},"excerpt":{"rendered":"<p>Sport, Kultur, Kulinarik und Entspannung &#8230; Die Ferienregion Ammergauer Alpen bietet Ihnen ganzj\u00e4hrig ein grosses Angebot an Outdoor-Aktivit\u00e4ten, unvergesslichen Erkundungen und Erlebnisse im bayrischen Oberland. In unserem H\u00fctterl k\u00f6nnen Sie bei einem gem\u00fctlichen Umtrunk zum Selbstkostenpreis den Tag ausklingen lassen &hellip; <a href=\"https:\/\/www.fewo-mangold.de\/?page_id=24\">Weiterlesen <span class=\"meta-nav\">&rarr;<\/span><\/a><\/p>\n","protected":false},"author":1,"featured_media":0,"parent":0,"menu_order":0,"comment_status":"closed","ping_status":"closed","template":"","meta":{"footnotes":""},"class_list":["post-24","page","type-page","status-publish","hentry"],"_links":{"self":[{"href":"https:\/\/www.fewo-mangold.de\/index.php?rest_route=\/wp\/v2\/pages\/24"}],"collection":[{"href":"https:\/\/www.fewo-mangold.de\/index.php?rest_route=\/wp\/v2\/pages"}],"about":[{"href":"https:\/\/www.fewo-mangold.de\/index.php?rest_route=\/wp\/v2\/types\/page"}],"author":[{"embeddable":true,"href":"https:\/\/www.fewo-mangold.de\/index.php?rest_route=\/wp\/v2\/users\/1"}],"replies":[{"embeddable":true,"href":"https:\/\/www.fewo-mangold.de\/index.php?rest_route=%2Fwp%2Fv2%2Fcomments&post=24"}],"version-history":[{"count":20,"href":"https:\/\/www.fewo-mangold.de\/index.php?rest_route=\/wp\/v2\/pages\/24\/revisions"}],"predecessor-version":[{"id":36,"href":"https:\/\/www.fewo-mangold.de\/index.php?rest_route=\/wp\/v2\/pages\/24\/revisions\/36"}],"wp:attachment":[{"href":"https:\/\/www.fewo-mangold.de\/index.php?rest_route=%2Fwp%2Fv2%2Fmedia&parent=24"}],"curies":[{"name":"wp","href":"https:\/\/api.w.org\/{rel}","templated":true}]}}