{"id":2,"date":"2013-11-25T11:19:54","date_gmt":"2013-11-25T09:19:54","guid":{"rendered":"https:\/\/www.fewo-mangold.de\/?page_id=2"},"modified":"2013-12-14T12:29:06","modified_gmt":"2013-12-14T10:29:06","slug":"home","status":"publish","type":"page","link":"https:\/\/www.fewo-mangold.de\/","title":{"rendered":"home"},"content":{"rendered":"<p><a href=\"https:\/\/www.fewo-mangold.de\/wp-content\/uploads\/2013\/11\/urlauben.jpg\"><img loading=\"lazy\" decoding=\"async\" class=\"alignnone size-full wp-image-109\" alt=\"urlauben\" src=\"https:\/\/www.fewo-mangold.de\/wp-content\/uploads\/2013\/11\/urlauben.jpg\" width=\"825\" height=\"93\" srcset=\"https:\/\/www.fewo-mangold.de\/wp-content\/uploads\/2013\/11\/urlauben.jpg 825w, https:\/\/www.fewo-mangold.de\/wp-content\/uploads\/2013\/11\/urlauben-300x33.jpg 300w\" sizes=\"(max-width: 825px) 100vw, 825px\" \/><\/a><code><div class=\"soliloquy-outer-container\" data-soliloquy-loaded=\"0\"><div aria-live=\"polite\" id=\"soliloquy-container-50\" class=\"soliloquy-container soliloquy-transition-fade soliloquy-fade  soliloquy-theme-classic\" style=\"max-width:825px;max-height:400px;margin:0 auto 20px;\"><ul id=\"soliloquy-50\" class=\"soliloquy-slider soliloquy-slides soliloquy-wrap soliloquy-clear\"><li aria-hidden=\"true\" class=\"soliloquy-item soliloquy-item-1 soliloquy-id-101 soliloquy-image-slide\" draggable=\"false\" style=\"list-style:none;\"><img decoding=\"async\" id=\"soliloquy-image-101\" class=\"soliloquy-image soliloquy-image-1\" src=\"https:\/\/www.fewo-mangold.de\/wp-content\/uploads\/2013\/11\/Gr\u00fcss-Gott.jpg\" alt=\"Gr\u00fcss Gott\" \/><\/li><li aria-hidden=\"true\" class=\"soliloquy-item soliloquy-item-2 soliloquy-id-656 soliloquy-image-slide\" draggable=\"false\" style=\"list-style:none;\"><img decoding=\"async\" id=\"soliloquy-image-656\" class=\"soliloquy-image soliloquy-image-2 soliloquy-preload\" src=\"https:\/\/www.fewo-mangold.de\/wp-content\/plugins\/soliloquy\/assets\/css\/images\/holder.gif\" data-soliloquy-src=\"https:\/\/www.fewo-mangold.de\/wp-content\/uploads\/2013\/11\/sonne-im-garten.jpg\" alt=\"sonne-im-garten\" \/><\/li><li aria-hidden=\"true\" class=\"soliloquy-item soliloquy-item-3 soliloquy-id-654 soliloquy-image-slide\" draggable=\"false\" style=\"list-style:none;\"><img decoding=\"async\" id=\"soliloquy-image-654\" class=\"soliloquy-image soliloquy-image-3 soliloquy-preload\" src=\"https:\/\/www.fewo-mangold.de\/wp-content\/plugins\/soliloquy\/assets\/css\/images\/holder.gif\" data-soliloquy-src=\"https:\/\/www.fewo-mangold.de\/wp-content\/uploads\/2013\/11\/bergblick-h\u00f6rnle.jpg\" alt=\"bergblick-hoernle\" \/><\/li><li aria-hidden=\"true\" class=\"soliloquy-item soliloquy-item-4 soliloquy-id-820 soliloquy-image-slide\" draggable=\"false\" style=\"list-style:none;\"><img decoding=\"async\" id=\"soliloquy-image-820\" class=\"soliloquy-image soliloquy-image-4 soliloquy-preload\" src=\"https:\/\/www.fewo-mangold.de\/wp-content\/plugins\/soliloquy\/assets\/css\/images\/holder.gif\" data-soliloquy-src=\"https:\/\/www.fewo-mangold.de\/wp-content\/uploads\/2013\/11\/herzlich-willkommen.jpg\" alt=\"herzlich willkommen\" \/><\/li><li aria-hidden=\"true\" class=\"soliloquy-item soliloquy-item-5 soliloquy-id-819 soliloquy-image-slide\" draggable=\"false\" style=\"list-style:none;\"><img decoding=\"async\" id=\"soliloquy-image-819\" class=\"soliloquy-image soliloquy-image-5 soliloquy-preload\" src=\"https:\/\/www.fewo-mangold.de\/wp-content\/plugins\/soliloquy\/assets\/css\/images\/holder.gif\" data-soliloquy-src=\"https:\/\/www.fewo-mangold.de\/wp-content\/uploads\/2013\/11\/bank-am-haus.jpg\" alt=\"bank am haus\" \/><\/li><li aria-hidden=\"true\" class=\"soliloquy-item soliloquy-item-6 soliloquy-id-818 soliloquy-image-slide\" draggable=\"false\" style=\"list-style:none;\"><img decoding=\"async\" id=\"soliloquy-image-818\" class=\"soliloquy-image soliloquy-image-6 soliloquy-preload\" src=\"https:\/\/www.fewo-mangold.de\/wp-content\/plugins\/soliloquy\/assets\/css\/images\/holder.gif\" data-soliloquy-src=\"https:\/\/www.fewo-mangold.de\/wp-content\/uploads\/2013\/11\/biergarten.jpg\" alt=\"biergarten\" \/><\/li><li aria-hidden=\"true\" class=\"soliloquy-item soliloquy-item-7 soliloquy-id-817 soliloquy-image-slide\" draggable=\"false\" style=\"list-style:none;\"><img decoding=\"async\" id=\"soliloquy-image-817\" class=\"soliloquy-image soliloquy-image-7 soliloquy-preload\" src=\"https:\/\/www.fewo-mangold.de\/wp-content\/plugins\/soliloquy\/assets\/css\/images\/holder.gif\" data-soliloquy-src=\"https:\/\/www.fewo-mangold.de\/wp-content\/uploads\/2013\/11\/gaesteh\u00fctterl-mit-bank.jpg\" alt=\"gaesteh\u00fctterl mit bank\" \/><\/li><li aria-hidden=\"true\" class=\"soliloquy-item soliloquy-item-8 soliloquy-id-563 soliloquy-image-slide\" draggable=\"false\" style=\"list-style:none;\"><img decoding=\"async\" id=\"soliloquy-image-563\" class=\"soliloquy-image soliloquy-image-8 soliloquy-preload\" src=\"https:\/\/www.fewo-mangold.de\/wp-content\/plugins\/soliloquy\/assets\/css\/images\/holder.gif\" data-soliloquy-src=\"https:\/\/www.fewo-mangold.de\/wp-content\/uploads\/2013\/11\/gaestehuetterlhome.jpg\" alt=\"gaestehuetterlhome\" \/><\/li><li aria-hidden=\"true\" class=\"soliloquy-item soliloquy-item-9 soliloquy-id-102 soliloquy-image-slide\" draggable=\"false\" style=\"list-style:none;\"><img decoding=\"async\" id=\"soliloquy-image-102\" class=\"soliloquy-image soliloquy-image-9 soliloquy-preload\" src=\"https:\/\/www.fewo-mangold.de\/wp-content\/plugins\/soliloquy\/assets\/css\/images\/holder.gif\" data-soliloquy-src=\"https:\/\/www.fewo-mangold.de\/wp-content\/uploads\/2013\/11\/Fr\u00fchst\u00fcck.jpg\" alt=\"Fr\u00fchst\u00fcck\" \/><\/li><li aria-hidden=\"true\" class=\"soliloquy-item soliloquy-item-10 soliloquy-id-431 soliloquy-image-slide\" draggable=\"false\" style=\"list-style:none;\"><img decoding=\"async\" id=\"soliloquy-image-431\" class=\"soliloquy-image soliloquy-image-10 soliloquy-preload\" src=\"https:\/\/www.fewo-mangold.de\/wp-content\/plugins\/soliloquy\/assets\/css\/images\/holder.gif\" data-soliloquy-src=\"https:\/\/www.fewo-mangold.de\/wp-content\/uploads\/2013\/11\/h\u00fctterl-innen2.jpg\" alt=\"G\u00e4steh\u00fctterl innen\" \/><\/li><li aria-hidden=\"true\" class=\"soliloquy-item soliloquy-item-11 soliloquy-id-506 soliloquy-image-slide\" draggable=\"false\" style=\"list-style:none;\"><img decoding=\"async\" id=\"soliloquy-image-506\" class=\"soliloquy-image soliloquy-image-11 soliloquy-preload\" src=\"https:\/\/www.fewo-mangold.de\/wp-content\/plugins\/soliloquy\/assets\/css\/images\/holder.gif\" data-soliloquy-src=\"https:\/\/www.fewo-mangold.de\/wp-content\/uploads\/2013\/11\/blick-vom-balkon1.jpg\" alt=\"blick vom s\u00fcdbalkon\" \/><\/li><li aria-hidden=\"true\" class=\"soliloquy-item soliloquy-item-12 soliloquy-id-821 soliloquy-image-slide\" draggable=\"false\" style=\"list-style:none;\"><img decoding=\"async\" id=\"soliloquy-image-821\" class=\"soliloquy-image soliloquy-image-12 soliloquy-preload\" src=\"https:\/\/www.fewo-mangold.de\/wp-content\/plugins\/soliloquy\/assets\/css\/images\/holder.gif\" data-soliloquy-src=\"https:\/\/www.fewo-mangold.de\/wp-content\/uploads\/2013\/11\/gaesteh\u00fctterl-im-winter.jpg\" alt=\"gaesteh\u00fctterl im winter\" \/><\/li><\/ul><\/div><noscript><style type=\"text\/css\">#soliloquy-container-50{opacity:1}#soliloquy-container-50 li > .soliloquy-caption{display:none}#soliloquy-container-50 li:first-child > .soliloquy-caption{display:block}<\/style><div class=\"soliloquy-no-js\" style=\"display:none;visibility:hidden;height:0;line-height:0;opacity:0;\"><img decoding=\"async\" class=\"soliloquy-image soliloquy-no-js-image skip-lazy\" src=\"https:\/\/www.fewo-mangold.de\/wp-content\/uploads\/2013\/11\/Gr\u00fcss-Gott.jpg\" alt=\"Gr\u00fcss Gott\" \/><img decoding=\"async\" class=\"soliloquy-image soliloquy-no-js-image skip-lazy\" src=\"https:\/\/www.fewo-mangold.de\/wp-content\/uploads\/2013\/11\/sonne-im-garten.jpg\" alt=\"sonne-im-garten\" \/><img decoding=\"async\" class=\"soliloquy-image soliloquy-no-js-image skip-lazy\" src=\"https:\/\/www.fewo-mangold.de\/wp-content\/uploads\/2013\/11\/bergblick-h\u00f6rnle.jpg\" alt=\"bergblick-hoernle\" \/><img decoding=\"async\" class=\"soliloquy-image soliloquy-no-js-image skip-lazy\" src=\"https:\/\/www.fewo-mangold.de\/wp-content\/uploads\/2013\/11\/herzlich-willkommen.jpg\" alt=\"herzlich willkommen\" \/><img decoding=\"async\" class=\"soliloquy-image soliloquy-no-js-image skip-lazy\" src=\"https:\/\/www.fewo-mangold.de\/wp-content\/uploads\/2013\/11\/bank-am-haus.jpg\" alt=\"bank am haus\" \/><img decoding=\"async\" class=\"soliloquy-image soliloquy-no-js-image skip-lazy\" src=\"https:\/\/www.fewo-mangold.de\/wp-content\/uploads\/2013\/11\/biergarten.jpg\" alt=\"biergarten\" \/><img decoding=\"async\" class=\"soliloquy-image soliloquy-no-js-image skip-lazy\" src=\"https:\/\/www.fewo-mangold.de\/wp-content\/uploads\/2013\/11\/gaesteh\u00fctterl-mit-bank.jpg\" alt=\"gaesteh\u00fctterl mit bank\" \/><img decoding=\"async\" class=\"soliloquy-image soliloquy-no-js-image skip-lazy\" src=\"https:\/\/www.fewo-mangold.de\/wp-content\/uploads\/2013\/11\/gaestehuetterlhome.jpg\" alt=\"gaestehuetterlhome\" \/><img decoding=\"async\" class=\"soliloquy-image soliloquy-no-js-image skip-lazy\" src=\"https:\/\/www.fewo-mangold.de\/wp-content\/uploads\/2013\/11\/Fr\u00fchst\u00fcck.jpg\" alt=\"Fr\u00fchst\u00fcck\" \/><img decoding=\"async\" class=\"soliloquy-image soliloquy-no-js-image skip-lazy\" src=\"https:\/\/www.fewo-mangold.de\/wp-content\/uploads\/2013\/11\/h\u00fctterl-innen2.jpg\" alt=\"G\u00e4steh\u00fctterl innen\" \/><img decoding=\"async\" class=\"soliloquy-image soliloquy-no-js-image skip-lazy\" src=\"https:\/\/www.fewo-mangold.de\/wp-content\/uploads\/2013\/11\/blick-vom-balkon1.jpg\" alt=\"blick vom s\u00fcdbalkon\" \/><img decoding=\"async\" class=\"soliloquy-image soliloquy-no-js-image skip-lazy\" src=\"https:\/\/www.fewo-mangold.de\/wp-content\/uploads\/2013\/11\/gaesteh\u00fctterl-im-winter.jpg\" alt=\"gaesteh\u00fctterl im winter\" \/><\/div><\/noscript><\/div><\/code><\/p>\n<p style=\"text-align: left;\">Unsere Ferienwohnungen liegen in einem gepflegten Haus mit famili\u00e4rer Tradition. Eine ruhige S\u00fcdhanglage und freier Blick auf die Ammergauer Alpen garantieren ein unvergessliches Ferienerlebnis.<\/p>\n<p style=\"text-align: left;\">Genie\u00dfen Sie die warme und geschmackvolle Atmosph\u00e4re unser gem\u00fctlich eingerichteten Ferienwohnungen. Diese sind mit M\u00f6beln aus heimischen H\u00f6lzern ausgestattet.<\/p>\n<p style=\"text-align: left;\">Unser Haus ist der ideale Startpunkt f\u00fcr einen Aktivurlaub im Sommer &amp; Winter. Im Sommer bieten wir Ihnen ein urgem\u00fctliches H\u00fctterl mit sch\u00f6nem Freisitz direkt am Haus.<\/p>\n<p>Herzlichst Ihre Familie Mangold<\/p>\n","protected":false},"excerpt":{"rendered":"<p>Unsere Ferienwohnungen liegen in einem gepflegten Haus mit famili\u00e4rer Tradition. Eine ruhige S\u00fcdhanglage und freier Blick auf die Ammergauer Alpen garantieren ein unvergessliches Ferienerlebnis. Genie\u00dfen Sie die warme und geschmackvolle Atmosph\u00e4re unser gem\u00fctlich eingerichteten Ferienwohnungen. Diese sind mit M\u00f6beln aus &hellip; <a href=\"https:\/\/www.fewo-mangold.de\/\">Weiterlesen <span class=\"meta-nav\">&rarr;<\/span><\/a><\/p>\n","protected":false},"author":1,"featured_media":0,"parent":0,"menu_order":0,"comment_status":"closed","ping_status":"closed","template":"","meta":{"footnotes":""},"class_list":["post-2","page","type-page","status-publish","hentry"],"_links":{"self":[{"href":"https:\/\/www.fewo-mangold.de\/index.php?rest_route=\/wp\/v2\/pages\/2"}],"collection":[{"href":"https:\/\/www.fewo-mangold.de\/index.php?rest_route=\/wp\/v2\/pages"}],"about":[{"href":"https:\/\/www.fewo-mangold.de\/index.php?rest_route=\/wp\/v2\/types\/page"}],"author":[{"embeddable":true,"href":"https:\/\/www.fewo-mangold.de\/index.php?rest_route=\/wp\/v2\/users\/1"}],"replies":[{"embeddable":true,"href":"https:\/\/www.fewo-mangold.de\/index.php?rest_route=%2Fwp%2Fv2%2Fcomments&post=2"}],"version-history":[{"count":22,"href":"https:\/\/www.fewo-mangold.de\/index.php?rest_route=\/wp\/v2\/pages\/2\/revisions"}],"predecessor-version":[{"id":108,"href":"https:\/\/www.fewo-mangold.de\/index.php?rest_route=\/wp\/v2\/pages\/2\/revisions\/108"}],"wp:attachment":[{"href":"https:\/\/www.fewo-mangold.de\/index.php?rest_route=%2Fwp%2Fv2%2Fmedia&parent=2"}],"curies":[{"name":"wp","href":"https:\/\/api.w.org\/{rel}","templated":true}]}}