{"id":15,"date":"2013-11-29T10:15:30","date_gmt":"2013-11-29T08:15:30","guid":{"rendered":"https:\/\/www.fewo-mangold.de\/?page_id=15"},"modified":"2015-07-06T15:41:17","modified_gmt":"2015-07-06T13:41:17","slug":"wohnung-2","status":"publish","type":"page","link":"https:\/\/www.fewo-mangold.de\/?page_id=15","title":{"rendered":"Ferienwohnungen"},"content":{"rendered":"<h2><strong><span style=\"color: #2cb200;\">Unsere Ferienwohnungen &#8230;<\/span><\/strong><\/h2>\n<p>sind im modernen Landhausstil komfortabel ausgestattet und bieten Platz f\u00fcr zwei bis drei Personen.<\/p>\n<p>Zwei Wohnungen liegen auf einer Etage nebeneinander und k\u00f6nnen miteinander verbunden werden, wenn Sie mit mehreren Personen urlauben m\u00f6chten.<\/p>\n<p>Zus\u00e4tzlich bieten wir eine Ferienwohnung im Parterre mit einer Terrasse in S\u00fcdwestlage, einem kleinen Garten und separatem Eingang an.<\/p>\n<p>Alle Wohnungen sind ruhig gelegen. Geniessen Sie die sonnige Lage mit herrlichem Blick auf die umliegenden Ammergauer Alpen. Am Haus sind kostenlose Parkpl\u00e4tze und eine Garage vorhanden und es stehen Wanderst\u00f6cke, Rucksack &amp; Schlitten im Winter zur kostenfreien Nutzung zur Verf\u00fcgung.<\/p>\n<p>Wir bitten Sie aus R\u00fccksicht auf alle anderen G\u00e4ste in den Ferienwohnungen nicht zu rauchen. Haustiere wie Hunde und Katzen k\u00f6nnen wir leider auch nicht aufnehmen.<\/p>\n<p>In nur 2 Gehminuten gelangen Sie ins Zentrum von Saulgrub. Die Ferienwohnungen sind ein perfekter Ausgangspunkt f\u00fcr erholsame und aktive Urlaubstage.<\/p>\n<p>Genie\u00dfen Sie traumhafte Tage bei uns und erholen Sie sich vom Alltagsstress. Wir bieten Ihnen\u00a0 Serviceleistungen und Arrangements.<\/p>\n","protected":false},"excerpt":{"rendered":"<p>Unsere Ferienwohnungen &#8230; sind im modernen Landhausstil komfortabel ausgestattet und bieten Platz f\u00fcr zwei bis drei Personen. Zwei Wohnungen liegen auf einer Etage nebeneinander und k\u00f6nnen miteinander verbunden werden, wenn Sie mit mehreren Personen urlauben m\u00f6chten. Zus\u00e4tzlich bieten wir eine &hellip; <a href=\"https:\/\/www.fewo-mangold.de\/?page_id=15\">Weiterlesen <span class=\"meta-nav\">&rarr;<\/span><\/a><\/p>\n","protected":false},"author":1,"featured_media":0,"parent":0,"menu_order":0,"comment_status":"closed","ping_status":"closed","template":"","meta":{"footnotes":""},"class_list":["post-15","page","type-page","status-publish","hentry"],"_links":{"self":[{"href":"https:\/\/www.fewo-mangold.de\/index.php?rest_route=\/wp\/v2\/pages\/15"}],"collection":[{"href":"https:\/\/www.fewo-mangold.de\/index.php?rest_route=\/wp\/v2\/pages"}],"about":[{"href":"https:\/\/www.fewo-mangold.de\/index.php?rest_route=\/wp\/v2\/types\/page"}],"author":[{"embeddable":true,"href":"https:\/\/www.fewo-mangold.de\/index.php?rest_route=\/wp\/v2\/users\/1"}],"replies":[{"embeddable":true,"href":"https:\/\/www.fewo-mangold.de\/index.php?rest_route=%2Fwp%2Fv2%2Fcomments&post=15"}],"version-history":[{"count":12,"href":"https:\/\/www.fewo-mangold.de\/index.php?rest_route=\/wp\/v2\/pages\/15\/revisions"}],"predecessor-version":[{"id":553,"href":"https:\/\/www.fewo-mangold.de\/index.php?rest_route=\/wp\/v2\/pages\/15\/revisions\/553"}],"wp:attachment":[{"href":"https:\/\/www.fewo-mangold.de\/index.php?rest_route=%2Fwp%2Fv2%2Fmedia&parent=15"}],"curies":[{"name":"wp","href":"https:\/\/api.w.org\/{rel}","templated":true}]}}