{"id":12,"date":"2013-11-29T10:15:12","date_gmt":"2013-11-29T08:15:12","guid":{"rendered":"https:\/\/www.fewo-mangold.de\/?page_id=12"},"modified":"2015-11-17T13:51:20","modified_gmt":"2015-11-17T11:51:20","slug":"wohnung-1","status":"publish","type":"page","link":"https:\/\/www.fewo-mangold.de\/?page_id=12","title":{"rendered":"Spatzennest"},"content":{"rendered":"<h3><span style=\"color: #2cb200;\"><strong>Ferienwohnung SPATZENNEST &#8211; geeignet f\u00fcr 2 Personen &#8211; Gr\u00f6sse 35 qm<\/strong><\/span><\/h3>\n<p><div class=\"soliloquy-outer-container\" data-soliloquy-loaded=\"0\"><div aria-live=\"polite\" id=\"soliloquy-container-52\" class=\"soliloquy-container soliloquy-transition-fade soliloquy-fade  soliloquy-theme-classic\" style=\"max-width:825px;max-height:400px;margin:0 auto 20px;\"><ul id=\"soliloquy-52\" class=\"soliloquy-slider soliloquy-slides soliloquy-wrap soliloquy-clear\"><li aria-hidden=\"true\" class=\"soliloquy-item soliloquy-item-1 soliloquy-id-203 soliloquy-image-slide\" draggable=\"false\" style=\"list-style:none;\"><img decoding=\"async\" id=\"soliloquy-image-203\" class=\"soliloquy-image soliloquy-image-1\" src=\"https:\/\/www.fewo-mangold.de\/wp-content\/uploads\/2013\/11\/fr\u00fchst\u00fcck-balkon1.jpg\" alt=\"fr\u00fchst\u00fcck balkon\" \/><\/li><li aria-hidden=\"true\" class=\"soliloquy-item soliloquy-item-2 soliloquy-id-816 soliloquy-image-slide\" draggable=\"false\" style=\"list-style:none;\"><img decoding=\"async\" id=\"soliloquy-image-816\" class=\"soliloquy-image soliloquy-image-2 soliloquy-preload\" src=\"https:\/\/www.fewo-mangold.de\/wp-content\/plugins\/soliloquy\/assets\/css\/images\/holder.gif\" data-soliloquy-src=\"https:\/\/www.fewo-mangold.de\/wp-content\/uploads\/2013\/11\/spatzennest-sitzgruppe.jpg\" alt=\"spatzennest sitzgruppe\" \/><\/li><li aria-hidden=\"true\" class=\"soliloquy-item soliloquy-item-3 soliloquy-id-313 soliloquy-image-slide\" draggable=\"false\" style=\"list-style:none;\"><img decoding=\"async\" id=\"soliloquy-image-313\" class=\"soliloquy-image soliloquy-image-3 soliloquy-preload\" src=\"https:\/\/www.fewo-mangold.de\/wp-content\/plugins\/soliloquy\/assets\/css\/images\/holder.gif\" data-soliloquy-src=\"https:\/\/www.fewo-mangold.de\/wp-content\/uploads\/2013\/11\/schlafzimmer-mit-rose.jpg\" alt=\"schlafzimmer mit rose\" \/><\/li><li aria-hidden=\"true\" class=\"soliloquy-item soliloquy-item-4 soliloquy-id-815 soliloquy-image-slide\" draggable=\"false\" style=\"list-style:none;\"><img decoding=\"async\" id=\"soliloquy-image-815\" class=\"soliloquy-image soliloquy-image-4 soliloquy-preload\" src=\"https:\/\/www.fewo-mangold.de\/wp-content\/plugins\/soliloquy\/assets\/css\/images\/holder.gif\" data-soliloquy-src=\"https:\/\/www.fewo-mangold.de\/wp-content\/uploads\/2013\/11\/spatzennest-kissen.jpg\" alt=\"spatzennest kissen\" \/><\/li><li aria-hidden=\"true\" class=\"soliloquy-item soliloquy-item-5 soliloquy-id-381 soliloquy-image-slide\" draggable=\"false\" style=\"list-style:none;\"><img decoding=\"async\" id=\"soliloquy-image-381\" class=\"soliloquy-image soliloquy-image-5 soliloquy-preload\" src=\"https:\/\/www.fewo-mangold.de\/wp-content\/plugins\/soliloquy\/assets\/css\/images\/holder.gif\" data-soliloquy-src=\"https:\/\/www.fewo-mangold.de\/wp-content\/uploads\/2013\/11\/wohnung-2-schlafzimmer-bauernschrank.jpg\" alt=\"wohnung 2 schlafzimmer bauernschrank\" \/><\/li><li aria-hidden=\"true\" class=\"soliloquy-item soliloquy-item-6 soliloquy-id-318 soliloquy-image-slide\" draggable=\"false\" style=\"list-style:none;\"><img decoding=\"async\" id=\"soliloquy-image-318\" class=\"soliloquy-image soliloquy-image-6 soliloquy-preload\" src=\"https:\/\/www.fewo-mangold.de\/wp-content\/plugins\/soliloquy\/assets\/css\/images\/holder.gif\" data-soliloquy-src=\"https:\/\/www.fewo-mangold.de\/wp-content\/uploads\/2013\/11\/k\u00fcche2.jpg\" alt=\"k\u00fcche\" \/><\/li><li aria-hidden=\"true\" class=\"soliloquy-item soliloquy-item-7 soliloquy-id-814 soliloquy-image-slide\" draggable=\"false\" style=\"list-style:none;\"><img decoding=\"async\" id=\"soliloquy-image-814\" class=\"soliloquy-image soliloquy-image-7 soliloquy-preload\" src=\"https:\/\/www.fewo-mangold.de\/wp-content\/plugins\/soliloquy\/assets\/css\/images\/holder.gif\" data-soliloquy-src=\"https:\/\/www.fewo-mangold.de\/wp-content\/uploads\/2013\/11\/willkommen-im-spatzennest.jpg\" alt=\"willkommen im spatzennest\" \/><\/li><li aria-hidden=\"true\" class=\"soliloquy-item soliloquy-item-8 soliloquy-id-317 soliloquy-image-slide\" draggable=\"false\" style=\"list-style:none;\"><img decoding=\"async\" id=\"soliloquy-image-317\" class=\"soliloquy-image soliloquy-image-8 soliloquy-preload\" src=\"https:\/\/www.fewo-mangold.de\/wp-content\/plugins\/soliloquy\/assets\/css\/images\/holder.gif\" data-soliloquy-src=\"https:\/\/www.fewo-mangold.de\/wp-content\/uploads\/2013\/11\/bad2.jpg\" alt=\"bad\" \/><\/li><li aria-hidden=\"true\" class=\"soliloquy-item soliloquy-item-9 soliloquy-id-440 soliloquy-image-slide\" draggable=\"false\" style=\"list-style:none;\"><img decoding=\"async\" id=\"soliloquy-image-440\" class=\"soliloquy-image soliloquy-image-9 soliloquy-preload\" src=\"https:\/\/www.fewo-mangold.de\/wp-content\/plugins\/soliloquy\/assets\/css\/images\/holder.gif\" data-soliloquy-src=\"https:\/\/www.fewo-mangold.de\/wp-content\/uploads\/2013\/11\/balkon-2.jpg\" alt=\"Blick vom Balkon\" \/><\/li><\/ul><\/div><noscript><style type=\"text\/css\">#soliloquy-container-52{opacity:1}#soliloquy-container-52 li > .soliloquy-caption{display:none}#soliloquy-container-52 li:first-child > .soliloquy-caption{display:block}<\/style><div class=\"soliloquy-no-js\" style=\"display:none;visibility:hidden;height:0;line-height:0;opacity:0;\"><img decoding=\"async\" class=\"soliloquy-image soliloquy-no-js-image skip-lazy\" src=\"https:\/\/www.fewo-mangold.de\/wp-content\/uploads\/2013\/11\/fr\u00fchst\u00fcck-balkon1.jpg\" alt=\"fr\u00fchst\u00fcck balkon\" \/><img decoding=\"async\" class=\"soliloquy-image soliloquy-no-js-image skip-lazy\" src=\"https:\/\/www.fewo-mangold.de\/wp-content\/uploads\/2013\/11\/spatzennest-sitzgruppe.jpg\" alt=\"spatzennest sitzgruppe\" \/><img decoding=\"async\" class=\"soliloquy-image soliloquy-no-js-image skip-lazy\" src=\"https:\/\/www.fewo-mangold.de\/wp-content\/uploads\/2013\/11\/schlafzimmer-mit-rose.jpg\" alt=\"schlafzimmer mit rose\" \/><img decoding=\"async\" class=\"soliloquy-image soliloquy-no-js-image skip-lazy\" src=\"https:\/\/www.fewo-mangold.de\/wp-content\/uploads\/2013\/11\/spatzennest-kissen.jpg\" alt=\"spatzennest kissen\" \/><img decoding=\"async\" class=\"soliloquy-image soliloquy-no-js-image skip-lazy\" src=\"https:\/\/www.fewo-mangold.de\/wp-content\/uploads\/2013\/11\/wohnung-2-schlafzimmer-bauernschrank.jpg\" alt=\"wohnung 2 schlafzimmer bauernschrank\" \/><img decoding=\"async\" class=\"soliloquy-image soliloquy-no-js-image skip-lazy\" src=\"https:\/\/www.fewo-mangold.de\/wp-content\/uploads\/2013\/11\/k\u00fcche2.jpg\" alt=\"k\u00fcche\" \/><img decoding=\"async\" class=\"soliloquy-image soliloquy-no-js-image skip-lazy\" src=\"https:\/\/www.fewo-mangold.de\/wp-content\/uploads\/2013\/11\/willkommen-im-spatzennest.jpg\" alt=\"willkommen im spatzennest\" \/><img decoding=\"async\" class=\"soliloquy-image soliloquy-no-js-image skip-lazy\" src=\"https:\/\/www.fewo-mangold.de\/wp-content\/uploads\/2013\/11\/bad2.jpg\" alt=\"bad\" \/><img decoding=\"async\" class=\"soliloquy-image soliloquy-no-js-image skip-lazy\" src=\"https:\/\/www.fewo-mangold.de\/wp-content\/uploads\/2013\/11\/balkon-2.jpg\" alt=\"Blick vom Balkon\" \/><\/div><\/noscript><\/div><br \/>\nDie Ferienwohnung ist hell und freundlich im Landhausstil eingerichtet. Die Wohnung verf\u00fcgt \u00fcber eine Wohnk\u00fcche mit Essecke, ein Schlafzimmer und einen sch\u00f6nen S\u00fcdbalkon. Genie\u00dfen Sie herrliche Stunden in Ihrem komfortablen Urlaubsdomizil.<\/p>\n<p><strong><span style=\"color: #2cb200;\">Ausstattung der Ferienwohnung<\/span><\/strong><br \/>\nbestens ausgestattete K\u00fcche<br \/>\nMikrowelle<br \/>\nSAT TV Radio<br \/>\nBabybett auf Anfrage<br \/>\nBettw\u00e4sche, Hand- und Badet\u00fccher inklusive Handt\u00fccher w\u00f6chentlicher Wechsel<br \/>\nDuschbad mit F\u00f6n<br \/>\nWanderst\u00f6cke, Rucksack und Schlitten im Verleih incl.<\/p>\n","protected":false},"excerpt":{"rendered":"<p>Ferienwohnung SPATZENNEST &#8211; geeignet f\u00fcr 2 Personen &#8211; Gr\u00f6sse 35 qm Die Ferienwohnung ist hell und freundlich im Landhausstil eingerichtet. Die Wohnung verf\u00fcgt \u00fcber eine Wohnk\u00fcche mit Essecke, ein Schlafzimmer und einen sch\u00f6nen S\u00fcdbalkon. Genie\u00dfen Sie herrliche Stunden in Ihrem &hellip; <a href=\"https:\/\/www.fewo-mangold.de\/?page_id=12\">Weiterlesen <span class=\"meta-nav\">&rarr;<\/span><\/a><\/p>\n","protected":false},"author":1,"featured_media":0,"parent":0,"menu_order":0,"comment_status":"closed","ping_status":"closed","template":"","meta":{"footnotes":""},"class_list":["post-12","page","type-page","status-publish","hentry"],"_links":{"self":[{"href":"https:\/\/www.fewo-mangold.de\/index.php?rest_route=\/wp\/v2\/pages\/12"}],"collection":[{"href":"https:\/\/www.fewo-mangold.de\/index.php?rest_route=\/wp\/v2\/pages"}],"about":[{"href":"https:\/\/www.fewo-mangold.de\/index.php?rest_route=\/wp\/v2\/types\/page"}],"author":[{"embeddable":true,"href":"https:\/\/www.fewo-mangold.de\/index.php?rest_route=\/wp\/v2\/users\/1"}],"replies":[{"embeddable":true,"href":"https:\/\/www.fewo-mangold.de\/index.php?rest_route=%2Fwp%2Fv2%2Fcomments&post=12"}],"version-history":[{"count":44,"href":"https:\/\/www.fewo-mangold.de\/index.php?rest_route=\/wp\/v2\/pages\/12\/revisions"}],"predecessor-version":[{"id":603,"href":"https:\/\/www.fewo-mangold.de\/index.php?rest_route=\/wp\/v2\/pages\/12\/revisions\/603"}],"wp:attachment":[{"href":"https:\/\/www.fewo-mangold.de\/index.php?rest_route=%2Fwp%2Fv2%2Fmedia&parent=12"}],"curies":[{"name":"wp","href":"https:\/\/api.w.org\/{rel}","templated":true}]}}